{"id":9981,"date":"2024-08-07T23:44:16","date_gmt":"2024-08-07T23:44:16","guid":{"rendered":"https:\/\/turbofreshpty.com\/?post_type=product&#038;p=9981"},"modified":"2024-08-07T23:47:20","modified_gmt":"2024-08-07T23:47:20","slug":"boreas-ii","status":"publish","type":"product","link":"https:\/\/turbofreshpty.com\/en\/product\/boreas-ii\/","title":{"rendered":"BOREAS II"},"content":{"rendered":"<p><span style=\"font-weight: 400;\">With an impressive diameter of 7.3 metres, these huge ceiling fans are equipped with KALE Airfoil Blades, designed using advanced technology and aerodynamic principles to maximise airflow with an energy consumption of just 1.5 KW or less.<\/span><\/p>\n<p><span style=\"font-weight: 400;\">The BOREAS II Series offers dual functionality, providing ventilation and cooling capabilities to create a comfortable and productive environment for your industrial space. Say goodbye to stale, stagnant air and welcome a refreshing breeze with the BOREAS II Series.<\/span><\/p>","protected":false},"excerpt":{"rendered":"<p><span style=\"font-weight: 400;\">Introducing the BOREAS II Series: the ultimate solution for industrial ventilation and cooling needs.<\/span><\/p>\n<p><img loading=\"lazy\" decoding=\"async\" class=\"alignnone wp-image-9902 size-full\" src=\"https:\/\/turbofreshpty.com\/wp-content\/uploads\/2024\/08\/Iconos-Kale-scaled.webp\" alt=\"\" width=\"2560\" height=\"317\" srcset=\"https:\/\/turbofreshpty.com\/wp-content\/uploads\/2024\/08\/Iconos-Kale-scaled.webp 2560w, https:\/\/turbofreshpty.com\/wp-content\/uploads\/2024\/08\/Iconos-Kale-400x50.webp 400w, https:\/\/turbofreshpty.com\/wp-content\/uploads\/2024\/08\/Iconos-Kale-1300x161.webp 1300w, https:\/\/turbofreshpty.com\/wp-content\/uploads\/2024\/08\/Iconos-Kale-768x95.webp 768w, https:\/\/turbofreshpty.com\/wp-content\/uploads\/2024\/08\/Iconos-Kale-1536x190.webp 1536w, https:\/\/turbofreshpty.com\/wp-content\/uploads\/2024\/08\/Iconos-Kale-2048x254.webp 2048w, https:\/\/turbofreshpty.com\/wp-content\/uploads\/2024\/08\/Iconos-Kale-430x53.webp 430w, https:\/\/turbofreshpty.com\/wp-content\/uploads\/2024\/08\/Iconos-Kale-700x87.webp 700w, https:\/\/turbofreshpty.com\/wp-content\/uploads\/2024\/08\/Iconos-Kale-150x19.webp 150w\" sizes=\"auto, (max-width: 2560px) 100vw, 2560px\" \/><\/p>","protected":false},"featured_media":9982,"template":"","meta":{"nf_dc_page":""},"product_brand":[],"product_cat":[22],"product_tag":[85,84,82,83,86],"class_list":{"0":"post-9981","1":"product","2":"type-product","3":"status-publish","4":"has-post-thumbnail","6":"product_cat-kale-fans","7":"product_tag-aerodinamica","8":"product_tag-fans","9":"product_tag-kale","10":"product_tag-kale-fans","11":"product_tag-pwm","13":"first","14":"instock","15":"shipping-taxable","16":"product-type-external"},"yoast_head":"<!-- This site is optimized with the Yoast SEO Premium plugin v23.7 (Yoast SEO v27.5) - https:\/\/yoast.com\/product\/yoast-seo-premium-wordpress\/ -->\n<title>BOREAS II - Turbofresh Panam\u00e1 y Centro Am\u00e9rica<\/title>\n<meta name=\"robots\" content=\"index, follow, max-snippet:-1, max-image-preview:large, max-video-preview:-1\" \/>\n<link rel=\"canonical\" href=\"https:\/\/turbofreshpty.com\/en\/product\/boreas-ii\/\" \/>\n<meta property=\"og:locale\" content=\"en_US\" \/>\n<meta property=\"og:type\" content=\"article\" \/>\n<meta property=\"og:title\" content=\"BOREAS II\" \/>\n<meta property=\"og:description\" content=\"Presentamos la serie BOREAS II: la soluci\u00f3n definitiva para ventilaci\u00f3n industrial y necesidades de refrigeraci\u00f3n.\" \/>\n<meta property=\"og:url\" content=\"https:\/\/turbofreshpty.com\/en\/product\/boreas-ii\/\" \/>\n<meta property=\"og:site_name\" content=\"Turbofresh Panam\u00e1 y Centro Am\u00e9rica\" \/>\n<meta property=\"article:publisher\" content=\"https:\/\/www.facebook.com\/people\/TurboFresh-Latam\/pfbid0ajaDMQgnm7ud7M1HECvSm67SoYW1HvhB8BVRgvFzrVgyr7mDC36xgXYRfCRwRE5tl\/?ref=xav_ig_profile_web\" \/>\n<meta property=\"article:modified_time\" content=\"2024-08-07T23:47:20+00:00\" \/>\n<meta property=\"og:image\" content=\"https:\/\/turbofreshpty.com\/wp-content\/uploads\/2024\/08\/Boreas-II.webp\" \/>\n\t<meta property=\"og:image:width\" content=\"710\" \/>\n\t<meta property=\"og:image:height\" content=\"770\" \/>\n\t<meta property=\"og:image:type\" content=\"image\/webp\" \/>\n<meta name=\"twitter:card\" content=\"summary_large_image\" \/>\n<meta name=\"twitter:label1\" content=\"Est. reading time\" \/>\n\t<meta name=\"twitter:data1\" content=\"1 minute\" \/>\n<script type=\"application\/ld+json\" class=\"yoast-schema-graph\">{\"@context\":\"https:\\\/\\\/schema.org\",\"@graph\":[{\"@type\":\"WebPage\",\"@id\":\"https:\\\/\\\/turbofreshpty.com\\\/product\\\/boreas-ii\\\/\",\"url\":\"https:\\\/\\\/turbofreshpty.com\\\/product\\\/boreas-ii\\\/\",\"name\":\"BOREAS II - Turbofresh Panam\u00e1 y Centro Am\u00e9rica\",\"isPartOf\":{\"@id\":\"https:\\\/\\\/turbofreshpty.com\\\/#website\"},\"primaryImageOfPage\":{\"@id\":\"https:\\\/\\\/turbofreshpty.com\\\/product\\\/boreas-ii\\\/#primaryimage\"},\"image\":{\"@id\":\"https:\\\/\\\/turbofreshpty.com\\\/product\\\/boreas-ii\\\/#primaryimage\"},\"thumbnailUrl\":\"https:\\\/\\\/turbofreshpty.com\\\/wp-content\\\/uploads\\\/2024\\\/08\\\/Boreas-II.webp\",\"datePublished\":\"2024-08-07T23:44:16+00:00\",\"dateModified\":\"2024-08-07T23:47:20+00:00\",\"breadcrumb\":{\"@id\":\"https:\\\/\\\/turbofreshpty.com\\\/product\\\/boreas-ii\\\/#breadcrumb\"},\"inLanguage\":\"en-US\",\"potentialAction\":[{\"@type\":\"ReadAction\",\"target\":[\"https:\\\/\\\/turbofreshpty.com\\\/product\\\/boreas-ii\\\/\"]}]},{\"@type\":\"ImageObject\",\"inLanguage\":\"en-US\",\"@id\":\"https:\\\/\\\/turbofreshpty.com\\\/product\\\/boreas-ii\\\/#primaryimage\",\"url\":\"https:\\\/\\\/turbofreshpty.com\\\/wp-content\\\/uploads\\\/2024\\\/08\\\/Boreas-II.webp\",\"contentUrl\":\"https:\\\/\\\/turbofreshpty.com\\\/wp-content\\\/uploads\\\/2024\\\/08\\\/Boreas-II.webp\",\"width\":710,\"height\":770},{\"@type\":\"BreadcrumbList\",\"@id\":\"https:\\\/\\\/turbofreshpty.com\\\/product\\\/boreas-ii\\\/#breadcrumb\",\"itemListElement\":[{\"@type\":\"ListItem\",\"position\":1,\"name\":\"Home\",\"item\":\"https:\\\/\\\/turbofreshpty.com\\\/\"},{\"@type\":\"ListItem\",\"position\":2,\"name\":\"Shop\",\"item\":\"https:\\\/\\\/turbofreshpty.com\\\/shop\\\/\"},{\"@type\":\"ListItem\",\"position\":3,\"name\":\"BOREAS II\"}]},{\"@type\":\"WebSite\",\"@id\":\"https:\\\/\\\/turbofreshpty.com\\\/#website\",\"url\":\"https:\\\/\\\/turbofreshpty.com\\\/\",\"name\":\"Turbofresh - Panam\u00e1 y Centro Am\u00e9rica\",\"description\":\"\",\"publisher\":{\"@id\":\"https:\\\/\\\/turbofreshpty.com\\\/#organization\"},\"potentialAction\":[{\"@type\":\"SearchAction\",\"target\":{\"@type\":\"EntryPoint\",\"urlTemplate\":\"https:\\\/\\\/turbofreshpty.com\\\/?s={search_term_string}\"},\"query-input\":{\"@type\":\"PropertyValueSpecification\",\"valueRequired\":true,\"valueName\":\"search_term_string\"}}],\"inLanguage\":\"en-US\"},{\"@type\":\"Organization\",\"@id\":\"https:\\\/\\\/turbofreshpty.com\\\/#organization\",\"name\":\"Turbofresh\",\"url\":\"https:\\\/\\\/turbofreshpty.com\\\/\",\"logo\":{\"@type\":\"ImageObject\",\"inLanguage\":\"en-US\",\"@id\":\"https:\\\/\\\/turbofreshpty.com\\\/#\\\/schema\\\/logo\\\/image\\\/\",\"url\":\"https:\\\/\\\/turbofreshpty.com\\\/wp-content\\\/uploads\\\/2024\\\/08\\\/turbofreshlogo.webp\",\"contentUrl\":\"https:\\\/\\\/turbofreshpty.com\\\/wp-content\\\/uploads\\\/2024\\\/08\\\/turbofreshlogo.webp\",\"width\":470,\"height\":110,\"caption\":\"Turbofresh\"},\"image\":{\"@id\":\"https:\\\/\\\/turbofreshpty.com\\\/#\\\/schema\\\/logo\\\/image\\\/\"},\"sameAs\":[\"https:\\\/\\\/www.facebook.com\\\/people\\\/TurboFresh-Latam\\\/pfbid0ajaDMQgnm7ud7M1HECvSm67SoYW1HvhB8BVRgvFzrVgyr7mDC36xgXYRfCRwRE5tl\\\/?ref=xav_ig_profile_web\",\"https:\\\/\\\/www.instagram.com\\\/turbofreshlatam\\\/?hl=es\"]}]}<\/script>\n<!-- \/ Yoast SEO Premium plugin. -->","yoast_head_json":{"title":"BOREAS II - Turbofresh Panam\u00e1 y Centro Am\u00e9rica","robots":{"index":"index","follow":"follow","max-snippet":"max-snippet:-1","max-image-preview":"max-image-preview:large","max-video-preview":"max-video-preview:-1"},"canonical":"https:\/\/turbofreshpty.com\/en\/product\/boreas-ii\/","og_locale":"en_US","og_type":"article","og_title":"BOREAS II","og_description":"Presentamos la serie BOREAS II: la soluci\u00f3n definitiva para ventilaci\u00f3n industrial y necesidades de refrigeraci\u00f3n.","og_url":"https:\/\/turbofreshpty.com\/en\/product\/boreas-ii\/","og_site_name":"Turbofresh Panam\u00e1 y Centro Am\u00e9rica","article_publisher":"https:\/\/www.facebook.com\/people\/TurboFresh-Latam\/pfbid0ajaDMQgnm7ud7M1HECvSm67SoYW1HvhB8BVRgvFzrVgyr7mDC36xgXYRfCRwRE5tl\/?ref=xav_ig_profile_web","article_modified_time":"2024-08-07T23:47:20+00:00","og_image":[{"width":710,"height":770,"url":"https:\/\/turbofreshpty.com\/wp-content\/uploads\/2024\/08\/Boreas-II.webp","type":"image\/webp"}],"twitter_card":"summary_large_image","twitter_misc":{"Est. reading time":"1 minute"},"schema":{"@context":"https:\/\/schema.org","@graph":[{"@type":"WebPage","@id":"https:\/\/turbofreshpty.com\/product\/boreas-ii\/","url":"https:\/\/turbofreshpty.com\/product\/boreas-ii\/","name":"BOREAS II - Turbofresh Panam\u00e1 y Centro Am\u00e9rica","isPartOf":{"@id":"https:\/\/turbofreshpty.com\/#website"},"primaryImageOfPage":{"@id":"https:\/\/turbofreshpty.com\/product\/boreas-ii\/#primaryimage"},"image":{"@id":"https:\/\/turbofreshpty.com\/product\/boreas-ii\/#primaryimage"},"thumbnailUrl":"https:\/\/turbofreshpty.com\/wp-content\/uploads\/2024\/08\/Boreas-II.webp","datePublished":"2024-08-07T23:44:16+00:00","dateModified":"2024-08-07T23:47:20+00:00","breadcrumb":{"@id":"https:\/\/turbofreshpty.com\/product\/boreas-ii\/#breadcrumb"},"inLanguage":"en-US","potentialAction":[{"@type":"ReadAction","target":["https:\/\/turbofreshpty.com\/product\/boreas-ii\/"]}]},{"@type":"ImageObject","inLanguage":"en-US","@id":"https:\/\/turbofreshpty.com\/product\/boreas-ii\/#primaryimage","url":"https:\/\/turbofreshpty.com\/wp-content\/uploads\/2024\/08\/Boreas-II.webp","contentUrl":"https:\/\/turbofreshpty.com\/wp-content\/uploads\/2024\/08\/Boreas-II.webp","width":710,"height":770},{"@type":"BreadcrumbList","@id":"https:\/\/turbofreshpty.com\/product\/boreas-ii\/#breadcrumb","itemListElement":[{"@type":"ListItem","position":1,"name":"Home","item":"https:\/\/turbofreshpty.com\/"},{"@type":"ListItem","position":2,"name":"Shop","item":"https:\/\/turbofreshpty.com\/shop\/"},{"@type":"ListItem","position":3,"name":"BOREAS II"}]},{"@type":"WebSite","@id":"https:\/\/turbofreshpty.com\/#website","url":"https:\/\/turbofreshpty.com\/","name":"Turbofresh - Panam\u00e1 y Centro Am\u00e9rica","description":"","publisher":{"@id":"https:\/\/turbofreshpty.com\/#organization"},"potentialAction":[{"@type":"SearchAction","target":{"@type":"EntryPoint","urlTemplate":"https:\/\/turbofreshpty.com\/?s={search_term_string}"},"query-input":{"@type":"PropertyValueSpecification","valueRequired":true,"valueName":"search_term_string"}}],"inLanguage":"en-US"},{"@type":"Organization","@id":"https:\/\/turbofreshpty.com\/#organization","name":"Turbofresh","url":"https:\/\/turbofreshpty.com\/","logo":{"@type":"ImageObject","inLanguage":"en-US","@id":"https:\/\/turbofreshpty.com\/#\/schema\/logo\/image\/","url":"https:\/\/turbofreshpty.com\/wp-content\/uploads\/2024\/08\/turbofreshlogo.webp","contentUrl":"https:\/\/turbofreshpty.com\/wp-content\/uploads\/2024\/08\/turbofreshlogo.webp","width":470,"height":110,"caption":"Turbofresh"},"image":{"@id":"https:\/\/turbofreshpty.com\/#\/schema\/logo\/image\/"},"sameAs":["https:\/\/www.facebook.com\/people\/TurboFresh-Latam\/pfbid0ajaDMQgnm7ud7M1HECvSm67SoYW1HvhB8BVRgvFzrVgyr7mDC36xgXYRfCRwRE5tl\/?ref=xav_ig_profile_web","https:\/\/www.instagram.com\/turbofreshlatam\/?hl=es"]}]}},"_links":{"self":[{"href":"https:\/\/turbofreshpty.com\/en\/wp-json\/wp\/v2\/product\/9981","targetHints":{"allow":["GET"]}}],"collection":[{"href":"https:\/\/turbofreshpty.com\/en\/wp-json\/wp\/v2\/product"}],"about":[{"href":"https:\/\/turbofreshpty.com\/en\/wp-json\/wp\/v2\/types\/product"}],"wp:featuredmedia":[{"embeddable":true,"href":"https:\/\/turbofreshpty.com\/en\/wp-json\/wp\/v2\/media\/9982"}],"wp:attachment":[{"href":"https:\/\/turbofreshpty.com\/en\/wp-json\/wp\/v2\/media?parent=9981"}],"wp:term":[{"taxonomy":"product_brand","embeddable":true,"href":"https:\/\/turbofreshpty.com\/en\/wp-json\/wp\/v2\/product_brand?post=9981"},{"taxonomy":"product_cat","embeddable":true,"href":"https:\/\/turbofreshpty.com\/en\/wp-json\/wp\/v2\/product_cat?post=9981"},{"taxonomy":"product_tag","embeddable":true,"href":"https:\/\/turbofreshpty.com\/en\/wp-json\/wp\/v2\/product_tag?post=9981"}],"curies":[{"name":"wp","href":"https:\/\/api.w.org\/{rel}","templated":true}]}}