{"id":9953,"date":"2024-08-07T01:28:17","date_gmt":"2024-08-07T01:28:17","guid":{"rendered":"https:\/\/turbofreshpty.com\/?post_type=product&#038;p=9953"},"modified":"2024-08-07T01:41:45","modified_gmt":"2024-08-07T01:41:45","slug":"trak","status":"publish","type":"product","link":"https:\/\/turbofreshpty.com\/en\/product\/trak\/","title":{"rendered":"TRAK"},"content":{"rendered":"<p><span style=\"font-weight: 400;\">Hunter's perfect blend of aesthetic appeal and air circulation, the Trak commercial ceiling fan provides consistent, controlled airflow in large, open-concept spaces, keeping guest comfort top of mind.<\/span><\/p>\n<ul>\n<li><b style=\"color: #40bd40;\">Industry-leading performance<\/b><\/li>\n<li><b style=\"color: #40bd40;\">Commercial grade engine<\/b><\/li>\n<li><b style=\"color: #40bd40;\">Extruded aluminum blades<\/b><\/li>\n<li><b style=\"color: #40bd40;\">Available diameters:5\u2032,6\u2032,7\u2032,8\u2032<\/b><\/li>\n<li><b style=\"color: #40bd40;\">Available colors: Black, Silver, White<\/b><\/li>\n<li><b style=\"color: #40bd40;\">With or without light<\/b><\/li>\n<\/ul>\n<p><b style=\"color: #40bd40;\">Fans Designed to Cool and Comfort<\/b><\/p>\n<p><span style=\"font-weight: 400;\">Our Trak commercial ceiling fans are designed for residential and commercial businesses to provide the cooling effect and airflow they need, while integrating innovation into the environment. Designed to keep your guests and employees cool and comfortable, the constant airflow also deters and lessens the effects of humidity.<\/span><\/p>\n<p><b style=\"color: #40bd40;\">Elegant improvements<\/b><\/p>\n<p><span style=\"font-weight: 400;\">The Trak ceiling fan features a remote control to simplify temperature regulation in large spaces. All Trak ceiling fans include a quiet motor. This 8-speed reversible DC motor is designed for optimal performance year-round and comes with a 3-year warranty. The Trak ceiling fan is suitable for outdoor use, making it a beautiful addition to your covered patio, porch or similar space.<\/span><\/p>\n<p><b style=\"color: #40bd40;\">Blades built to last<\/b><\/p>\n<p><span style=\"font-weight: 400;\">The Trak fan is equipped with extruded aluminum blades for long life with 4 blade size options. These blades are made for strength and elegance, ideal for large open concept spaces. Trak ceiling fans are the perfect balance of performance and modern design, blending elegantly into their surroundings.<\/span><\/p>\n<p><b style=\"color: #40bd40;\">Beyond the visual and the aesthetic<\/b><\/p>\n<p><span style=\"font-weight: 400;\">We are experts in commercial fans and air movement, and our modern approach is designed to complement the style of any space. Is your business looking to enhance its environment, increase guest and employee comfort, and reduce energy costs? Hunter Industrial &amp; Commercial\u2019s customer service team will help you find the perfect fan style for uniform, aesthetically pleasing airflow for your space.<\/span><\/p>\n<p><b style=\"color: #40bd40;\">Modern appeal, intuitive controls<\/b><\/p>\n<p><span style=\"font-weight: 400;\">The conversation about ceiling fans doesn\u2019t end with air circulation; the Trak fan is designed to complement any space, maintaining a comfortable temperature. Spaces such as restaurants, meeting areas, patios, gyms, and sports facilities are perfect for a Trak commercial ceiling fan.<\/span><\/p>","protected":false},"excerpt":{"rendered":"<p><span style=\"font-weight: 400;\">The modern Trak commercial ceiling fan collection works wherever guest comfort is as important as style and durability. This commercial ceiling fan is available in four sizes, three versatile finishes, and an LED light option to best fit the size, style, and lighting needs of your space.<\/span><\/p>\n<p><img loading=\"lazy\" decoding=\"async\" class=\"alignnone wp-image-9910 size-full\" src=\"https:\/\/turbofreshpty.com\/wp-content\/uploads\/2024\/08\/Iconos-Hunter.png\" alt=\"\" width=\"2800\" height=\"347\" srcset=\"https:\/\/turbofreshpty.com\/wp-content\/uploads\/2024\/08\/Iconos-Hunter.png 2800w, https:\/\/turbofreshpty.com\/wp-content\/uploads\/2024\/08\/Iconos-Hunter-400x50.png 400w, https:\/\/turbofreshpty.com\/wp-content\/uploads\/2024\/08\/Iconos-Hunter-1300x161.png 1300w, https:\/\/turbofreshpty.com\/wp-content\/uploads\/2024\/08\/Iconos-Hunter-768x95.png 768w, https:\/\/turbofreshpty.com\/wp-content\/uploads\/2024\/08\/Iconos-Hunter-1536x190.png 1536w, https:\/\/turbofreshpty.com\/wp-content\/uploads\/2024\/08\/Iconos-Hunter-2048x254.png 2048w, https:\/\/turbofreshpty.com\/wp-content\/uploads\/2024\/08\/Iconos-Hunter-430x53.png 430w, https:\/\/turbofreshpty.com\/wp-content\/uploads\/2024\/08\/Iconos-Hunter-700x87.png 700w, https:\/\/turbofreshpty.com\/wp-content\/uploads\/2024\/08\/Iconos-Hunter-150x19.png 150w\" sizes=\"auto, (max-width: 2800px) 100vw, 2800px\" \/><\/p>","protected":false},"featured_media":9954,"template":"","meta":{"nf_dc_page":""},"product_brand":[],"product_cat":[34],"product_tag":[88,87,89],"class_list":{"0":"post-9953","1":"product","2":"type-product","3":"status-publish","4":"has-post-thumbnail","6":"product_cat-hunter","7":"product_tag-exteriores","8":"product_tag-hunter","9":"product_tag-interiores","11":"first","12":"instock","13":"shipping-taxable","14":"product-type-external"},"yoast_head":"<!-- This site is optimized with the Yoast SEO Premium plugin v23.7 (Yoast SEO v27.5) - https:\/\/yoast.com\/product\/yoast-seo-premium-wordpress\/ -->\n<title>TRAK - Turbofresh Panam\u00e1 y Centro Am\u00e9rica<\/title>\n<meta name=\"robots\" content=\"index, follow, max-snippet:-1, max-image-preview:large, max-video-preview:-1\" \/>\n<link rel=\"canonical\" href=\"https:\/\/turbofreshpty.com\/en\/product\/trak\/\" \/>\n<meta property=\"og:locale\" content=\"en_US\" \/>\n<meta property=\"og:type\" content=\"article\" \/>\n<meta property=\"og:title\" content=\"TRAK\" \/>\n<meta property=\"og:description\" content=\"La moderna colecci\u00f3n de ventiladores de techo comerciales Trak funciona all\u00ed donde la comodidad de los hu\u00e9spedes es tan importante como el estilo y la durabilidad. Este ventilador de techo comercial est\u00e1 disponible en cuatro tama\u00f1os, tres acabados vers\u00e1tiles y una opci\u00f3n de luz LED para adaptarse mejor al tama\u00f1o, estilo y necesidades de iluminaci\u00f3n de su espacio.\" \/>\n<meta property=\"og:url\" content=\"https:\/\/turbofreshpty.com\/en\/product\/trak\/\" \/>\n<meta property=\"og:site_name\" content=\"Turbofresh Panam\u00e1 y Centro Am\u00e9rica\" \/>\n<meta property=\"article:publisher\" content=\"https:\/\/www.facebook.com\/people\/TurboFresh-Latam\/pfbid0ajaDMQgnm7ud7M1HECvSm67SoYW1HvhB8BVRgvFzrVgyr7mDC36xgXYRfCRwRE5tl\/?ref=xav_ig_profile_web\" \/>\n<meta property=\"article:modified_time\" content=\"2024-08-07T01:41:45+00:00\" \/>\n<meta property=\"og:image\" content=\"https:\/\/turbofreshpty.com\/wp-content\/uploads\/2024\/08\/TRAK.png\" \/>\n\t<meta property=\"og:image:width\" content=\"710\" \/>\n\t<meta property=\"og:image:height\" content=\"770\" \/>\n\t<meta property=\"og:image:type\" content=\"image\/png\" \/>\n<meta name=\"twitter:card\" content=\"summary_large_image\" \/>\n<meta name=\"twitter:label1\" content=\"Est. reading time\" \/>\n\t<meta name=\"twitter:data1\" content=\"2 minutes\" \/>\n<script type=\"application\/ld+json\" class=\"yoast-schema-graph\">{\"@context\":\"https:\\\/\\\/schema.org\",\"@graph\":[{\"@type\":\"WebPage\",\"@id\":\"https:\\\/\\\/turbofreshpty.com\\\/product\\\/trak\\\/\",\"url\":\"https:\\\/\\\/turbofreshpty.com\\\/product\\\/trak\\\/\",\"name\":\"TRAK - Turbofresh Panam\u00e1 y Centro Am\u00e9rica\",\"isPartOf\":{\"@id\":\"https:\\\/\\\/turbofreshpty.com\\\/#website\"},\"primaryImageOfPage\":{\"@id\":\"https:\\\/\\\/turbofreshpty.com\\\/product\\\/trak\\\/#primaryimage\"},\"image\":{\"@id\":\"https:\\\/\\\/turbofreshpty.com\\\/product\\\/trak\\\/#primaryimage\"},\"thumbnailUrl\":\"https:\\\/\\\/turbofreshpty.com\\\/wp-content\\\/uploads\\\/2024\\\/08\\\/TRAK.png\",\"datePublished\":\"2024-08-07T01:28:17+00:00\",\"dateModified\":\"2024-08-07T01:41:45+00:00\",\"breadcrumb\":{\"@id\":\"https:\\\/\\\/turbofreshpty.com\\\/product\\\/trak\\\/#breadcrumb\"},\"inLanguage\":\"en-US\",\"potentialAction\":[{\"@type\":\"ReadAction\",\"target\":[\"https:\\\/\\\/turbofreshpty.com\\\/product\\\/trak\\\/\"]}]},{\"@type\":\"ImageObject\",\"inLanguage\":\"en-US\",\"@id\":\"https:\\\/\\\/turbofreshpty.com\\\/product\\\/trak\\\/#primaryimage\",\"url\":\"https:\\\/\\\/turbofreshpty.com\\\/wp-content\\\/uploads\\\/2024\\\/08\\\/TRAK.png\",\"contentUrl\":\"https:\\\/\\\/turbofreshpty.com\\\/wp-content\\\/uploads\\\/2024\\\/08\\\/TRAK.png\",\"width\":710,\"height\":770},{\"@type\":\"BreadcrumbList\",\"@id\":\"https:\\\/\\\/turbofreshpty.com\\\/product\\\/trak\\\/#breadcrumb\",\"itemListElement\":[{\"@type\":\"ListItem\",\"position\":1,\"name\":\"Home\",\"item\":\"https:\\\/\\\/turbofreshpty.com\\\/\"},{\"@type\":\"ListItem\",\"position\":2,\"name\":\"Shop\",\"item\":\"https:\\\/\\\/turbofreshpty.com\\\/shop\\\/\"},{\"@type\":\"ListItem\",\"position\":3,\"name\":\"TRAK\"}]},{\"@type\":\"WebSite\",\"@id\":\"https:\\\/\\\/turbofreshpty.com\\\/#website\",\"url\":\"https:\\\/\\\/turbofreshpty.com\\\/\",\"name\":\"Turbofresh - Panam\u00e1 y Centro Am\u00e9rica\",\"description\":\"\",\"publisher\":{\"@id\":\"https:\\\/\\\/turbofreshpty.com\\\/#organization\"},\"potentialAction\":[{\"@type\":\"SearchAction\",\"target\":{\"@type\":\"EntryPoint\",\"urlTemplate\":\"https:\\\/\\\/turbofreshpty.com\\\/?s={search_term_string}\"},\"query-input\":{\"@type\":\"PropertyValueSpecification\",\"valueRequired\":true,\"valueName\":\"search_term_string\"}}],\"inLanguage\":\"en-US\"},{\"@type\":\"Organization\",\"@id\":\"https:\\\/\\\/turbofreshpty.com\\\/#organization\",\"name\":\"Turbofresh\",\"url\":\"https:\\\/\\\/turbofreshpty.com\\\/\",\"logo\":{\"@type\":\"ImageObject\",\"inLanguage\":\"en-US\",\"@id\":\"https:\\\/\\\/turbofreshpty.com\\\/#\\\/schema\\\/logo\\\/image\\\/\",\"url\":\"https:\\\/\\\/turbofreshpty.com\\\/wp-content\\\/uploads\\\/2024\\\/08\\\/turbofreshlogo.webp\",\"contentUrl\":\"https:\\\/\\\/turbofreshpty.com\\\/wp-content\\\/uploads\\\/2024\\\/08\\\/turbofreshlogo.webp\",\"width\":470,\"height\":110,\"caption\":\"Turbofresh\"},\"image\":{\"@id\":\"https:\\\/\\\/turbofreshpty.com\\\/#\\\/schema\\\/logo\\\/image\\\/\"},\"sameAs\":[\"https:\\\/\\\/www.facebook.com\\\/people\\\/TurboFresh-Latam\\\/pfbid0ajaDMQgnm7ud7M1HECvSm67SoYW1HvhB8BVRgvFzrVgyr7mDC36xgXYRfCRwRE5tl\\\/?ref=xav_ig_profile_web\",\"https:\\\/\\\/www.instagram.com\\\/turbofreshlatam\\\/?hl=es\"]}]}<\/script>\n<!-- \/ Yoast SEO Premium plugin. -->","yoast_head_json":{"title":"TRAK - Turbofresh Panam\u00e1 y Centro Am\u00e9rica","robots":{"index":"index","follow":"follow","max-snippet":"max-snippet:-1","max-image-preview":"max-image-preview:large","max-video-preview":"max-video-preview:-1"},"canonical":"https:\/\/turbofreshpty.com\/en\/product\/trak\/","og_locale":"en_US","og_type":"article","og_title":"TRAK","og_description":"La moderna colecci\u00f3n de ventiladores de techo comerciales Trak funciona all\u00ed donde la comodidad de los hu\u00e9spedes es tan importante como el estilo y la durabilidad. Este ventilador de techo comercial est\u00e1 disponible en cuatro tama\u00f1os, tres acabados vers\u00e1tiles y una opci\u00f3n de luz LED para adaptarse mejor al tama\u00f1o, estilo y necesidades de iluminaci\u00f3n de su espacio.","og_url":"https:\/\/turbofreshpty.com\/en\/product\/trak\/","og_site_name":"Turbofresh Panam\u00e1 y Centro Am\u00e9rica","article_publisher":"https:\/\/www.facebook.com\/people\/TurboFresh-Latam\/pfbid0ajaDMQgnm7ud7M1HECvSm67SoYW1HvhB8BVRgvFzrVgyr7mDC36xgXYRfCRwRE5tl\/?ref=xav_ig_profile_web","article_modified_time":"2024-08-07T01:41:45+00:00","og_image":[{"width":710,"height":770,"url":"https:\/\/turbofreshpty.com\/wp-content\/uploads\/2024\/08\/TRAK.png","type":"image\/png"}],"twitter_card":"summary_large_image","twitter_misc":{"Est. reading time":"2 minutes"},"schema":{"@context":"https:\/\/schema.org","@graph":[{"@type":"WebPage","@id":"https:\/\/turbofreshpty.com\/product\/trak\/","url":"https:\/\/turbofreshpty.com\/product\/trak\/","name":"TRAK - Turbofresh Panam\u00e1 y Centro Am\u00e9rica","isPartOf":{"@id":"https:\/\/turbofreshpty.com\/#website"},"primaryImageOfPage":{"@id":"https:\/\/turbofreshpty.com\/product\/trak\/#primaryimage"},"image":{"@id":"https:\/\/turbofreshpty.com\/product\/trak\/#primaryimage"},"thumbnailUrl":"https:\/\/turbofreshpty.com\/wp-content\/uploads\/2024\/08\/TRAK.png","datePublished":"2024-08-07T01:28:17+00:00","dateModified":"2024-08-07T01:41:45+00:00","breadcrumb":{"@id":"https:\/\/turbofreshpty.com\/product\/trak\/#breadcrumb"},"inLanguage":"en-US","potentialAction":[{"@type":"ReadAction","target":["https:\/\/turbofreshpty.com\/product\/trak\/"]}]},{"@type":"ImageObject","inLanguage":"en-US","@id":"https:\/\/turbofreshpty.com\/product\/trak\/#primaryimage","url":"https:\/\/turbofreshpty.com\/wp-content\/uploads\/2024\/08\/TRAK.png","contentUrl":"https:\/\/turbofreshpty.com\/wp-content\/uploads\/2024\/08\/TRAK.png","width":710,"height":770},{"@type":"BreadcrumbList","@id":"https:\/\/turbofreshpty.com\/product\/trak\/#breadcrumb","itemListElement":[{"@type":"ListItem","position":1,"name":"Home","item":"https:\/\/turbofreshpty.com\/"},{"@type":"ListItem","position":2,"name":"Shop","item":"https:\/\/turbofreshpty.com\/shop\/"},{"@type":"ListItem","position":3,"name":"TRAK"}]},{"@type":"WebSite","@id":"https:\/\/turbofreshpty.com\/#website","url":"https:\/\/turbofreshpty.com\/","name":"Turbofresh - Panam\u00e1 y Centro Am\u00e9rica","description":"","publisher":{"@id":"https:\/\/turbofreshpty.com\/#organization"},"potentialAction":[{"@type":"SearchAction","target":{"@type":"EntryPoint","urlTemplate":"https:\/\/turbofreshpty.com\/?s={search_term_string}"},"query-input":{"@type":"PropertyValueSpecification","valueRequired":true,"valueName":"search_term_string"}}],"inLanguage":"en-US"},{"@type":"Organization","@id":"https:\/\/turbofreshpty.com\/#organization","name":"Turbofresh","url":"https:\/\/turbofreshpty.com\/","logo":{"@type":"ImageObject","inLanguage":"en-US","@id":"https:\/\/turbofreshpty.com\/#\/schema\/logo\/image\/","url":"https:\/\/turbofreshpty.com\/wp-content\/uploads\/2024\/08\/turbofreshlogo.webp","contentUrl":"https:\/\/turbofreshpty.com\/wp-content\/uploads\/2024\/08\/turbofreshlogo.webp","width":470,"height":110,"caption":"Turbofresh"},"image":{"@id":"https:\/\/turbofreshpty.com\/#\/schema\/logo\/image\/"},"sameAs":["https:\/\/www.facebook.com\/people\/TurboFresh-Latam\/pfbid0ajaDMQgnm7ud7M1HECvSm67SoYW1HvhB8BVRgvFzrVgyr7mDC36xgXYRfCRwRE5tl\/?ref=xav_ig_profile_web","https:\/\/www.instagram.com\/turbofreshlatam\/?hl=es"]}]}},"_links":{"self":[{"href":"https:\/\/turbofreshpty.com\/en\/wp-json\/wp\/v2\/product\/9953","targetHints":{"allow":["GET"]}}],"collection":[{"href":"https:\/\/turbofreshpty.com\/en\/wp-json\/wp\/v2\/product"}],"about":[{"href":"https:\/\/turbofreshpty.com\/en\/wp-json\/wp\/v2\/types\/product"}],"wp:featuredmedia":[{"embeddable":true,"href":"https:\/\/turbofreshpty.com\/en\/wp-json\/wp\/v2\/media\/9954"}],"wp:attachment":[{"href":"https:\/\/turbofreshpty.com\/en\/wp-json\/wp\/v2\/media?parent=9953"}],"wp:term":[{"taxonomy":"product_brand","embeddable":true,"href":"https:\/\/turbofreshpty.com\/en\/wp-json\/wp\/v2\/product_brand?post=9953"},{"taxonomy":"product_cat","embeddable":true,"href":"https:\/\/turbofreshpty.com\/en\/wp-json\/wp\/v2\/product_cat?post=9953"},{"taxonomy":"product_tag","embeddable":true,"href":"https:\/\/turbofreshpty.com\/en\/wp-json\/wp\/v2\/product_tag?post=9953"}],"curies":[{"name":"wp","href":"https:\/\/api.w.org\/{rel}","templated":true}]}}