{"id":9915,"date":"2024-08-07T00:32:02","date_gmt":"2024-08-07T00:32:02","guid":{"rendered":"https:\/\/turbofreshpty.com\/?post_type=product&#038;p=9915"},"modified":"2024-08-07T01:00:55","modified_gmt":"2024-08-07T01:00:55","slug":"titan","status":"publish","type":"product","link":"https:\/\/turbofreshpty.com\/en\/product\/titan\/","title":{"rendered":"TITAN"},"content":{"rendered":"<p><span style=\"font-weight: 400;\">These high volume, low velocity (HVLS) ceiling fans are designed to provide superior air movement and energy efficiency in warehouses, factories, and other large commercial spaces. With its direct drive motor technology and blades up to 24 feet in diameter, the Titan HVLS fan quietly and effortlessly delivers reliable airflow to your facility.<\/span><\/p>\n<p><b style=\"color: #40bd40;\">Industry-leading performance<\/b><\/p>\n<p><b style=\"color: #40bd40;\">Direct drive motor<\/b><\/p>\n<p><b style=\"color: #40bd40;\">Lifetime warranty<\/b><\/p>\n<p><b style=\"color: #40bd40;\">Available diameters:14\u2032 - 24\u2032<\/b><\/p>\n<p><b style=\"color: #40bd40;\">Industrial fans designed for excellence<\/b><\/p>\n<p><span style=\"font-weight: 400;\">The Titan Industrial Ceiling Fan's direct drive motor technology is designed specifically for the HVLS market, making it quiet and energy efficient while providing Hunter Fans' highest level of air movement. The Titan fan's patented structural grade steel blade support ensures a secure fit and perfect blade pitch every time.<\/span><\/p>\n<p><span style=\"font-weight: 400;\">Combine the Titan ceiling fan with any of Hunter's Power over Ethernet HVLS digital controllers to get the most out of any installation.<\/span><\/p>\n<p><b style=\"color: #40bd40;\">HVLS Adjustable Rod<\/b><\/p>\n<p><span style=\"font-weight: 400;\">All Titan ceiling fans come with Hunter\u2019s innovative adjustable downrod. This telescopic downrod comes in three different lengths, ranging from 2 feet to 10 feet. Designed to fit your needs, Hunter\u2019s HVLS adjustable downrod gives customers confidence in every order. Rest easy knowing that when your new Hunter industrial fan arrives, it will fit your space perfectly!<\/span><\/p>\n<p><b style=\"color: #40bd40;\">Durability of HVLS fan blades<\/b><\/p>\n<p><span style=\"font-weight: 400;\">Hunter Industrial\u2019s patented HVLS blade support is constructed of structural grade steel with a redundant blade attachment system. The blade support is recessed deep into the blade cavity for a secure attachment to the fan blades. Each HVLS fan blade is constructed of 6005A aluminum, known for its strength, flexibility and light weight. This combination results in a lightweight, incredibly strong HVLS fan blade that creates significant airflow.<\/span><\/p>\n<p><b style=\"color: #40bd40;\">Installing the Titan fan<\/b><\/p>\n<p><span style=\"font-weight: 400;\">You've never experienced installation this easy. The Titan HVLS fan comes with as many pre-installed parts as possible. Our Titan ceiling fans come with pre-installed bolts, pre-wired downrods, and pre-aligned mounting brackets. You won't need blade clamps either, thanks to our patented Quick Connect Blade Retention System. To make things even easier, we offer installation services from our Factory Authorized Installer Program.<\/span><\/p>\n<p><span style=\"font-weight: 400;\">Even at 24 feet in diameter, Titan ceiling fans are up to 30% lighter than typical high-volume, low-speed fans. Installation is as easy as possible and requires little effort.<\/span><\/p>\n<p><b style=\"color: #40bd40;\">Maintenance and reliability<\/b><\/p>\n<p><span style=\"font-weight: 400;\">Our high-volume, low-speed industrial fans are built to last (and last!) with virtually no maintenance. That\u2019s just one of the many benefits of our gearless direct-drive motor technology. But reliability isn\u2019t just the motor\u2014it\u2019s everything that goes into a Hunter ceiling fan. It\u2019s the fact that our designers, engineers, and technicians work side-by-side, collaborating and testing until perfection is achieved. That\u2019s why we can promise you a worry-free future\u2014and why we offer our limited lifetime warranty, the best warranty in the industry. Want to make sure your Hunter HVLS fans are performing at peak performance? We offer inspection and cleaning services to give you lasting peace of mind.<\/span><\/p>","protected":false},"excerpt":{"rendered":"<p><span style=\"font-weight: 400;\">The Titan ceiling fan, Hunter's flagship industrial fan, is our premier solution for cooling and air circulation in large industrial facilities.<\/span><\/p>\n<p><img loading=\"lazy\" decoding=\"async\" class=\"alignnone wp-image-9910 size-full\" src=\"https:\/\/turbofreshpty.com\/wp-content\/uploads\/2024\/08\/Iconos-Hunter.png\" alt=\"\" width=\"2800\" height=\"347\" srcset=\"https:\/\/turbofreshpty.com\/wp-content\/uploads\/2024\/08\/Iconos-Hunter.png 2800w, https:\/\/turbofreshpty.com\/wp-content\/uploads\/2024\/08\/Iconos-Hunter-400x50.png 400w, https:\/\/turbofreshpty.com\/wp-content\/uploads\/2024\/08\/Iconos-Hunter-1300x161.png 1300w, https:\/\/turbofreshpty.com\/wp-content\/uploads\/2024\/08\/Iconos-Hunter-768x95.png 768w, https:\/\/turbofreshpty.com\/wp-content\/uploads\/2024\/08\/Iconos-Hunter-1536x190.png 1536w, https:\/\/turbofreshpty.com\/wp-content\/uploads\/2024\/08\/Iconos-Hunter-2048x254.png 2048w, https:\/\/turbofreshpty.com\/wp-content\/uploads\/2024\/08\/Iconos-Hunter-430x53.png 430w, https:\/\/turbofreshpty.com\/wp-content\/uploads\/2024\/08\/Iconos-Hunter-700x87.png 700w, https:\/\/turbofreshpty.com\/wp-content\/uploads\/2024\/08\/Iconos-Hunter-150x19.png 150w\" sizes=\"auto, (max-width: 2800px) 100vw, 2800px\" \/><\/p>\n<p>&nbsp;<\/p>","protected":false},"featured_media":9916,"template":"","meta":{"nf_dc_page":""},"product_brand":[],"product_cat":[34],"product_tag":[88,87,89],"class_list":{"0":"post-9915","1":"product","2":"type-product","3":"status-publish","4":"has-post-thumbnail","6":"product_cat-hunter","7":"product_tag-exteriores","8":"product_tag-hunter","9":"product_tag-interiores","11":"first","12":"instock","13":"shipping-taxable","14":"product-type-external"},"yoast_head":"<!-- This site is optimized with the Yoast SEO Premium plugin v23.7 (Yoast SEO v27.5) - https:\/\/yoast.com\/product\/yoast-seo-premium-wordpress\/ -->\n<title>TITAN - Turbofresh Panam\u00e1 y Centro Am\u00e9rica<\/title>\n<meta name=\"robots\" content=\"index, follow, max-snippet:-1, max-image-preview:large, max-video-preview:-1\" \/>\n<link rel=\"canonical\" href=\"https:\/\/turbofreshpty.com\/en\/product\/titan\/\" \/>\n<meta property=\"og:locale\" content=\"en_US\" \/>\n<meta property=\"og:type\" content=\"article\" \/>\n<meta property=\"og:title\" content=\"TITAN\" \/>\n<meta property=\"og:description\" content=\"El ventilador de techo Titan, el ventilador industrial insignia de Hunter, es nuestra principal soluci\u00f3n para la refrigeraci\u00f3n y la circulaci\u00f3n del aire en grandes instalaciones industriales.    &nbsp;\" \/>\n<meta property=\"og:url\" content=\"https:\/\/turbofreshpty.com\/en\/product\/titan\/\" \/>\n<meta property=\"og:site_name\" content=\"Turbofresh Panam\u00e1 y Centro Am\u00e9rica\" \/>\n<meta property=\"article:publisher\" content=\"https:\/\/www.facebook.com\/people\/TurboFresh-Latam\/pfbid0ajaDMQgnm7ud7M1HECvSm67SoYW1HvhB8BVRgvFzrVgyr7mDC36xgXYRfCRwRE5tl\/?ref=xav_ig_profile_web\" \/>\n<meta property=\"article:modified_time\" content=\"2024-08-07T01:00:55+00:00\" \/>\n<meta property=\"og:image\" content=\"https:\/\/turbofreshpty.com\/wp-content\/uploads\/2024\/08\/titan.webp\" \/>\n\t<meta property=\"og:image:width\" content=\"710\" \/>\n\t<meta property=\"og:image:height\" content=\"770\" \/>\n\t<meta property=\"og:image:type\" content=\"image\/webp\" \/>\n<meta name=\"twitter:card\" content=\"summary_large_image\" \/>\n<meta name=\"twitter:label1\" content=\"Est. reading time\" \/>\n\t<meta name=\"twitter:data1\" content=\"3 minutes\" \/>\n<script type=\"application\/ld+json\" class=\"yoast-schema-graph\">{\"@context\":\"https:\\\/\\\/schema.org\",\"@graph\":[{\"@type\":\"WebPage\",\"@id\":\"https:\\\/\\\/turbofreshpty.com\\\/product\\\/titan\\\/\",\"url\":\"https:\\\/\\\/turbofreshpty.com\\\/product\\\/titan\\\/\",\"name\":\"TITAN - Turbofresh Panam\u00e1 y Centro Am\u00e9rica\",\"isPartOf\":{\"@id\":\"https:\\\/\\\/turbofreshpty.com\\\/#website\"},\"primaryImageOfPage\":{\"@id\":\"https:\\\/\\\/turbofreshpty.com\\\/product\\\/titan\\\/#primaryimage\"},\"image\":{\"@id\":\"https:\\\/\\\/turbofreshpty.com\\\/product\\\/titan\\\/#primaryimage\"},\"thumbnailUrl\":\"https:\\\/\\\/turbofreshpty.com\\\/wp-content\\\/uploads\\\/2024\\\/08\\\/titan.webp\",\"datePublished\":\"2024-08-07T00:32:02+00:00\",\"dateModified\":\"2024-08-07T01:00:55+00:00\",\"breadcrumb\":{\"@id\":\"https:\\\/\\\/turbofreshpty.com\\\/product\\\/titan\\\/#breadcrumb\"},\"inLanguage\":\"en-US\",\"potentialAction\":[{\"@type\":\"ReadAction\",\"target\":[\"https:\\\/\\\/turbofreshpty.com\\\/product\\\/titan\\\/\"]}]},{\"@type\":\"ImageObject\",\"inLanguage\":\"en-US\",\"@id\":\"https:\\\/\\\/turbofreshpty.com\\\/product\\\/titan\\\/#primaryimage\",\"url\":\"https:\\\/\\\/turbofreshpty.com\\\/wp-content\\\/uploads\\\/2024\\\/08\\\/titan.webp\",\"contentUrl\":\"https:\\\/\\\/turbofreshpty.com\\\/wp-content\\\/uploads\\\/2024\\\/08\\\/titan.webp\",\"width\":710,\"height\":770},{\"@type\":\"BreadcrumbList\",\"@id\":\"https:\\\/\\\/turbofreshpty.com\\\/product\\\/titan\\\/#breadcrumb\",\"itemListElement\":[{\"@type\":\"ListItem\",\"position\":1,\"name\":\"Home\",\"item\":\"https:\\\/\\\/turbofreshpty.com\\\/\"},{\"@type\":\"ListItem\",\"position\":2,\"name\":\"Shop\",\"item\":\"https:\\\/\\\/turbofreshpty.com\\\/shop\\\/\"},{\"@type\":\"ListItem\",\"position\":3,\"name\":\"TITAN\"}]},{\"@type\":\"WebSite\",\"@id\":\"https:\\\/\\\/turbofreshpty.com\\\/#website\",\"url\":\"https:\\\/\\\/turbofreshpty.com\\\/\",\"name\":\"Turbofresh - Panam\u00e1 y Centro Am\u00e9rica\",\"description\":\"\",\"publisher\":{\"@id\":\"https:\\\/\\\/turbofreshpty.com\\\/#organization\"},\"potentialAction\":[{\"@type\":\"SearchAction\",\"target\":{\"@type\":\"EntryPoint\",\"urlTemplate\":\"https:\\\/\\\/turbofreshpty.com\\\/?s={search_term_string}\"},\"query-input\":{\"@type\":\"PropertyValueSpecification\",\"valueRequired\":true,\"valueName\":\"search_term_string\"}}],\"inLanguage\":\"en-US\"},{\"@type\":\"Organization\",\"@id\":\"https:\\\/\\\/turbofreshpty.com\\\/#organization\",\"name\":\"Turbofresh\",\"url\":\"https:\\\/\\\/turbofreshpty.com\\\/\",\"logo\":{\"@type\":\"ImageObject\",\"inLanguage\":\"en-US\",\"@id\":\"https:\\\/\\\/turbofreshpty.com\\\/#\\\/schema\\\/logo\\\/image\\\/\",\"url\":\"https:\\\/\\\/turbofreshpty.com\\\/wp-content\\\/uploads\\\/2024\\\/08\\\/turbofreshlogo.webp\",\"contentUrl\":\"https:\\\/\\\/turbofreshpty.com\\\/wp-content\\\/uploads\\\/2024\\\/08\\\/turbofreshlogo.webp\",\"width\":470,\"height\":110,\"caption\":\"Turbofresh\"},\"image\":{\"@id\":\"https:\\\/\\\/turbofreshpty.com\\\/#\\\/schema\\\/logo\\\/image\\\/\"},\"sameAs\":[\"https:\\\/\\\/www.facebook.com\\\/people\\\/TurboFresh-Latam\\\/pfbid0ajaDMQgnm7ud7M1HECvSm67SoYW1HvhB8BVRgvFzrVgyr7mDC36xgXYRfCRwRE5tl\\\/?ref=xav_ig_profile_web\",\"https:\\\/\\\/www.instagram.com\\\/turbofreshlatam\\\/?hl=es\"]}]}<\/script>\n<!-- \/ Yoast SEO Premium plugin. -->","yoast_head_json":{"title":"TITAN - Turbofresh Panam\u00e1 y Centro Am\u00e9rica","robots":{"index":"index","follow":"follow","max-snippet":"max-snippet:-1","max-image-preview":"max-image-preview:large","max-video-preview":"max-video-preview:-1"},"canonical":"https:\/\/turbofreshpty.com\/en\/product\/titan\/","og_locale":"en_US","og_type":"article","og_title":"TITAN","og_description":"El ventilador de techo Titan, el ventilador industrial insignia de Hunter, es nuestra principal soluci\u00f3n para la refrigeraci\u00f3n y la circulaci\u00f3n del aire en grandes instalaciones industriales.    &nbsp;","og_url":"https:\/\/turbofreshpty.com\/en\/product\/titan\/","og_site_name":"Turbofresh Panam\u00e1 y Centro Am\u00e9rica","article_publisher":"https:\/\/www.facebook.com\/people\/TurboFresh-Latam\/pfbid0ajaDMQgnm7ud7M1HECvSm67SoYW1HvhB8BVRgvFzrVgyr7mDC36xgXYRfCRwRE5tl\/?ref=xav_ig_profile_web","article_modified_time":"2024-08-07T01:00:55+00:00","og_image":[{"width":710,"height":770,"url":"https:\/\/turbofreshpty.com\/wp-content\/uploads\/2024\/08\/titan.webp","type":"image\/webp"}],"twitter_card":"summary_large_image","twitter_misc":{"Est. reading time":"3 minutes"},"schema":{"@context":"https:\/\/schema.org","@graph":[{"@type":"WebPage","@id":"https:\/\/turbofreshpty.com\/product\/titan\/","url":"https:\/\/turbofreshpty.com\/product\/titan\/","name":"TITAN - Turbofresh Panam\u00e1 y Centro Am\u00e9rica","isPartOf":{"@id":"https:\/\/turbofreshpty.com\/#website"},"primaryImageOfPage":{"@id":"https:\/\/turbofreshpty.com\/product\/titan\/#primaryimage"},"image":{"@id":"https:\/\/turbofreshpty.com\/product\/titan\/#primaryimage"},"thumbnailUrl":"https:\/\/turbofreshpty.com\/wp-content\/uploads\/2024\/08\/titan.webp","datePublished":"2024-08-07T00:32:02+00:00","dateModified":"2024-08-07T01:00:55+00:00","breadcrumb":{"@id":"https:\/\/turbofreshpty.com\/product\/titan\/#breadcrumb"},"inLanguage":"en-US","potentialAction":[{"@type":"ReadAction","target":["https:\/\/turbofreshpty.com\/product\/titan\/"]}]},{"@type":"ImageObject","inLanguage":"en-US","@id":"https:\/\/turbofreshpty.com\/product\/titan\/#primaryimage","url":"https:\/\/turbofreshpty.com\/wp-content\/uploads\/2024\/08\/titan.webp","contentUrl":"https:\/\/turbofreshpty.com\/wp-content\/uploads\/2024\/08\/titan.webp","width":710,"height":770},{"@type":"BreadcrumbList","@id":"https:\/\/turbofreshpty.com\/product\/titan\/#breadcrumb","itemListElement":[{"@type":"ListItem","position":1,"name":"Home","item":"https:\/\/turbofreshpty.com\/"},{"@type":"ListItem","position":2,"name":"Shop","item":"https:\/\/turbofreshpty.com\/shop\/"},{"@type":"ListItem","position":3,"name":"TITAN"}]},{"@type":"WebSite","@id":"https:\/\/turbofreshpty.com\/#website","url":"https:\/\/turbofreshpty.com\/","name":"Turbofresh - Panam\u00e1 y Centro Am\u00e9rica","description":"","publisher":{"@id":"https:\/\/turbofreshpty.com\/#organization"},"potentialAction":[{"@type":"SearchAction","target":{"@type":"EntryPoint","urlTemplate":"https:\/\/turbofreshpty.com\/?s={search_term_string}"},"query-input":{"@type":"PropertyValueSpecification","valueRequired":true,"valueName":"search_term_string"}}],"inLanguage":"en-US"},{"@type":"Organization","@id":"https:\/\/turbofreshpty.com\/#organization","name":"Turbofresh","url":"https:\/\/turbofreshpty.com\/","logo":{"@type":"ImageObject","inLanguage":"en-US","@id":"https:\/\/turbofreshpty.com\/#\/schema\/logo\/image\/","url":"https:\/\/turbofreshpty.com\/wp-content\/uploads\/2024\/08\/turbofreshlogo.webp","contentUrl":"https:\/\/turbofreshpty.com\/wp-content\/uploads\/2024\/08\/turbofreshlogo.webp","width":470,"height":110,"caption":"Turbofresh"},"image":{"@id":"https:\/\/turbofreshpty.com\/#\/schema\/logo\/image\/"},"sameAs":["https:\/\/www.facebook.com\/people\/TurboFresh-Latam\/pfbid0ajaDMQgnm7ud7M1HECvSm67SoYW1HvhB8BVRgvFzrVgyr7mDC36xgXYRfCRwRE5tl\/?ref=xav_ig_profile_web","https:\/\/www.instagram.com\/turbofreshlatam\/?hl=es"]}]}},"_links":{"self":[{"href":"https:\/\/turbofreshpty.com\/en\/wp-json\/wp\/v2\/product\/9915","targetHints":{"allow":["GET"]}}],"collection":[{"href":"https:\/\/turbofreshpty.com\/en\/wp-json\/wp\/v2\/product"}],"about":[{"href":"https:\/\/turbofreshpty.com\/en\/wp-json\/wp\/v2\/types\/product"}],"wp:featuredmedia":[{"embeddable":true,"href":"https:\/\/turbofreshpty.com\/en\/wp-json\/wp\/v2\/media\/9916"}],"wp:attachment":[{"href":"https:\/\/turbofreshpty.com\/en\/wp-json\/wp\/v2\/media?parent=9915"}],"wp:term":[{"taxonomy":"product_brand","embeddable":true,"href":"https:\/\/turbofreshpty.com\/en\/wp-json\/wp\/v2\/product_brand?post=9915"},{"taxonomy":"product_cat","embeddable":true,"href":"https:\/\/turbofreshpty.com\/en\/wp-json\/wp\/v2\/product_cat?post=9915"},{"taxonomy":"product_tag","embeddable":true,"href":"https:\/\/turbofreshpty.com\/en\/wp-json\/wp\/v2\/product_tag?post=9915"}],"curies":[{"name":"wp","href":"https:\/\/api.w.org\/{rel}","templated":true}]}}