{"id":9886,"date":"2024-08-03T21:37:41","date_gmt":"2024-08-03T21:37:41","guid":{"rendered":"https:\/\/turbofreshpty.com\/?post_type=product&#038;p=9886"},"modified":"2024-08-07T01:00:05","modified_gmt":"2024-08-07T01:00:05","slug":"power-breezer","status":"publish","type":"product","link":"https:\/\/turbofreshpty.com\/en\/product\/power-breezer\/","title":{"rendered":"POWER BREEZER"},"content":{"rendered":"<p><span style=\"font-weight: 400;\">Able to blow cooled air up to 50 feet and wind up to 100 feet using its oscillating head, Power Breezer cooling systems are perfect for cooling medium-sized indoor and semi-enclosed outdoor spaces. All Power Breezer mobile atomizing evaporative coolers can oscillate up to 60 degrees.<\/span><\/p>\n<p><span style=\"font-weight: 400;\">Applications could include warehouse workers, equipment and shelving, recycling centers, vehicle maintenance, manufacturing facilities, loading docks, shipping\/receiving areas, trailers, prisons, sidelines, outdoor events, and countless military applications.<\/span><\/p>\n<p><b style=\"color: #79bce0;\"><i>Everyone deserves to be cool, and we are cool where no one else can, even outdoors.<\/i><\/b><\/p>\n<p><span style=\"font-weight: 400;\">Power Breezers help reduce the four Hidden Costs of Heat by allowing you to:<\/span><\/p>\n<p><span style=\"font-weight: 400;\">\u2013 Reduce errors.<\/span><\/p>\n<p><span style=\"font-weight: 400;\">\u2013 Improve productivity.<\/span><\/p>\n<p><span style=\"font-weight: 400;\">\u2013 Create safe working environments.<\/span><\/p>\n<p><span style=\"font-weight: 400;\">\u2013 Keeping people happy.<\/span><\/p>\n<p><span style=\"font-weight: 400;\">Power Breezers keep operations running at peak performance even in the hottest conditions. Compact, quiet and rugged. Key applications include: Warehouses, Logistics, Manufacturing, Construction, Events and Athletics.<\/span><\/p>\n<p><b style=\"color: #79bce0;\">Don't risk your bottom line with the hidden costs of heat.<\/b><\/p>\n<p><b style=\"color: #79bce0;\"><i>Why Power Breezer?<\/i><\/b><\/p>\n<p><span style=\"font-weight: 400;\">Durable, portable design can be used in hard-to-cool indoor and outdoor areas.<\/span><\/p>\n<p><span style=\"font-weight: 400;\">No filters, nozzles or hose connections, resulting in cleaner air, lower costs and minimal maintenance.<\/span><\/p>\n<p><span style=\"font-weight: 400;\">Easy installation in 2 minutes, just add water and turn on.<\/span><\/p>\n<p><span style=\"font-weight: 400;\">Atomized water cools a large surface area without wetting people or equipment.<\/span><\/p>","protected":false},"excerpt":{"rendered":"<p><span style=\"font-weight: 400;\">Power Breezer mobile atomized evaporative air coolers are the most rugged and advanced portable evaporative air cooling systems on the market.<\/span><\/p>","protected":false},"featured_media":9887,"template":"","meta":{"nf_dc_page":""},"product_brand":[],"product_cat":[43],"product_tag":[80,79,76,78,81,77],"class_list":{"0":"post-9886","1":"product","2":"type-product","3":"status-publish","4":"has-post-thumbnail","6":"product_cat-power-breezer","7":"product_tag-enfriamiento","8":"product_tag-enfriamiento-de-aire-por-evaporacion","9":"product_tag-evaporativos","10":"product_tag-portatiles","11":"product_tag-power","12":"product_tag-power-breezer","14":"first","15":"instock","16":"shipping-taxable","17":"product-type-external"},"yoast_head":"<!-- This site is optimized with the Yoast SEO Premium plugin v23.7 (Yoast SEO v27.5) - https:\/\/yoast.com\/product\/yoast-seo-premium-wordpress\/ -->\n<title>POWER BREEZER - Turbofresh Panam\u00e1 y Centro Am\u00e9rica<\/title>\n<meta name=\"robots\" content=\"index, follow, max-snippet:-1, max-image-preview:large, max-video-preview:-1\" \/>\n<link rel=\"canonical\" href=\"https:\/\/turbofreshpty.com\/en\/product\/power-breezer\/\" \/>\n<meta property=\"og:locale\" content=\"en_US\" \/>\n<meta property=\"og:type\" content=\"article\" \/>\n<meta property=\"og:title\" content=\"POWER BREEZER\" \/>\n<meta property=\"og:description\" content=\"Los climatizadores evaporativos atomizados m\u00f3viles Power Breezer son los sistemas port\u00e1tiles de enfriamiento de aire por evaporaci\u00f3n m\u00e1s resistentes y avanzados del mercado..\" \/>\n<meta property=\"og:url\" content=\"https:\/\/turbofreshpty.com\/en\/product\/power-breezer\/\" \/>\n<meta property=\"og:site_name\" content=\"Turbofresh Panam\u00e1 y Centro Am\u00e9rica\" \/>\n<meta property=\"article:publisher\" content=\"https:\/\/www.facebook.com\/people\/TurboFresh-Latam\/pfbid0ajaDMQgnm7ud7M1HECvSm67SoYW1HvhB8BVRgvFzrVgyr7mDC36xgXYRfCRwRE5tl\/?ref=xav_ig_profile_web\" \/>\n<meta property=\"article:modified_time\" content=\"2024-08-07T01:00:05+00:00\" \/>\n<meta property=\"og:image\" content=\"https:\/\/turbofreshpty.com\/wp-content\/uploads\/2024\/08\/power.webp\" \/>\n\t<meta property=\"og:image:width\" content=\"710\" \/>\n\t<meta property=\"og:image:height\" content=\"770\" \/>\n\t<meta property=\"og:image:type\" content=\"image\/webp\" \/>\n<meta name=\"twitter:card\" content=\"summary_large_image\" \/>\n<meta name=\"twitter:label1\" content=\"Est. reading time\" \/>\n\t<meta name=\"twitter:data1\" content=\"2 minutes\" \/>\n<script type=\"application\/ld+json\" class=\"yoast-schema-graph\">{\"@context\":\"https:\\\/\\\/schema.org\",\"@graph\":[{\"@type\":\"WebPage\",\"@id\":\"https:\\\/\\\/turbofreshpty.com\\\/product\\\/power-breezer\\\/\",\"url\":\"https:\\\/\\\/turbofreshpty.com\\\/product\\\/power-breezer\\\/\",\"name\":\"POWER BREEZER - Turbofresh Panam\u00e1 y Centro Am\u00e9rica\",\"isPartOf\":{\"@id\":\"https:\\\/\\\/turbofreshpty.com\\\/#website\"},\"primaryImageOfPage\":{\"@id\":\"https:\\\/\\\/turbofreshpty.com\\\/product\\\/power-breezer\\\/#primaryimage\"},\"image\":{\"@id\":\"https:\\\/\\\/turbofreshpty.com\\\/product\\\/power-breezer\\\/#primaryimage\"},\"thumbnailUrl\":\"https:\\\/\\\/turbofreshpty.com\\\/wp-content\\\/uploads\\\/2024\\\/08\\\/power.webp\",\"datePublished\":\"2024-08-03T21:37:41+00:00\",\"dateModified\":\"2024-08-07T01:00:05+00:00\",\"breadcrumb\":{\"@id\":\"https:\\\/\\\/turbofreshpty.com\\\/product\\\/power-breezer\\\/#breadcrumb\"},\"inLanguage\":\"en-US\",\"potentialAction\":[{\"@type\":\"ReadAction\",\"target\":[\"https:\\\/\\\/turbofreshpty.com\\\/product\\\/power-breezer\\\/\"]}]},{\"@type\":\"ImageObject\",\"inLanguage\":\"en-US\",\"@id\":\"https:\\\/\\\/turbofreshpty.com\\\/product\\\/power-breezer\\\/#primaryimage\",\"url\":\"https:\\\/\\\/turbofreshpty.com\\\/wp-content\\\/uploads\\\/2024\\\/08\\\/power.webp\",\"contentUrl\":\"https:\\\/\\\/turbofreshpty.com\\\/wp-content\\\/uploads\\\/2024\\\/08\\\/power.webp\",\"width\":710,\"height\":770},{\"@type\":\"BreadcrumbList\",\"@id\":\"https:\\\/\\\/turbofreshpty.com\\\/product\\\/power-breezer\\\/#breadcrumb\",\"itemListElement\":[{\"@type\":\"ListItem\",\"position\":1,\"name\":\"Home\",\"item\":\"https:\\\/\\\/turbofreshpty.com\\\/\"},{\"@type\":\"ListItem\",\"position\":2,\"name\":\"Shop\",\"item\":\"https:\\\/\\\/turbofreshpty.com\\\/shop\\\/\"},{\"@type\":\"ListItem\",\"position\":3,\"name\":\"POWER BREEZER\"}]},{\"@type\":\"WebSite\",\"@id\":\"https:\\\/\\\/turbofreshpty.com\\\/#website\",\"url\":\"https:\\\/\\\/turbofreshpty.com\\\/\",\"name\":\"Turbofresh - Panam\u00e1 y Centro Am\u00e9rica\",\"description\":\"\",\"publisher\":{\"@id\":\"https:\\\/\\\/turbofreshpty.com\\\/#organization\"},\"potentialAction\":[{\"@type\":\"SearchAction\",\"target\":{\"@type\":\"EntryPoint\",\"urlTemplate\":\"https:\\\/\\\/turbofreshpty.com\\\/?s={search_term_string}\"},\"query-input\":{\"@type\":\"PropertyValueSpecification\",\"valueRequired\":true,\"valueName\":\"search_term_string\"}}],\"inLanguage\":\"en-US\"},{\"@type\":\"Organization\",\"@id\":\"https:\\\/\\\/turbofreshpty.com\\\/#organization\",\"name\":\"Turbofresh\",\"url\":\"https:\\\/\\\/turbofreshpty.com\\\/\",\"logo\":{\"@type\":\"ImageObject\",\"inLanguage\":\"en-US\",\"@id\":\"https:\\\/\\\/turbofreshpty.com\\\/#\\\/schema\\\/logo\\\/image\\\/\",\"url\":\"https:\\\/\\\/turbofreshpty.com\\\/wp-content\\\/uploads\\\/2024\\\/08\\\/turbofreshlogo.webp\",\"contentUrl\":\"https:\\\/\\\/turbofreshpty.com\\\/wp-content\\\/uploads\\\/2024\\\/08\\\/turbofreshlogo.webp\",\"width\":470,\"height\":110,\"caption\":\"Turbofresh\"},\"image\":{\"@id\":\"https:\\\/\\\/turbofreshpty.com\\\/#\\\/schema\\\/logo\\\/image\\\/\"},\"sameAs\":[\"https:\\\/\\\/www.facebook.com\\\/people\\\/TurboFresh-Latam\\\/pfbid0ajaDMQgnm7ud7M1HECvSm67SoYW1HvhB8BVRgvFzrVgyr7mDC36xgXYRfCRwRE5tl\\\/?ref=xav_ig_profile_web\",\"https:\\\/\\\/www.instagram.com\\\/turbofreshlatam\\\/?hl=es\"]}]}<\/script>\n<!-- \/ Yoast SEO Premium plugin. -->","yoast_head_json":{"title":"POWER BREEZER - Turbofresh Panam\u00e1 y Centro Am\u00e9rica","robots":{"index":"index","follow":"follow","max-snippet":"max-snippet:-1","max-image-preview":"max-image-preview:large","max-video-preview":"max-video-preview:-1"},"canonical":"https:\/\/turbofreshpty.com\/en\/product\/power-breezer\/","og_locale":"en_US","og_type":"article","og_title":"POWER BREEZER","og_description":"Los climatizadores evaporativos atomizados m\u00f3viles Power Breezer son los sistemas port\u00e1tiles de enfriamiento de aire por evaporaci\u00f3n m\u00e1s resistentes y avanzados del mercado..","og_url":"https:\/\/turbofreshpty.com\/en\/product\/power-breezer\/","og_site_name":"Turbofresh Panam\u00e1 y Centro Am\u00e9rica","article_publisher":"https:\/\/www.facebook.com\/people\/TurboFresh-Latam\/pfbid0ajaDMQgnm7ud7M1HECvSm67SoYW1HvhB8BVRgvFzrVgyr7mDC36xgXYRfCRwRE5tl\/?ref=xav_ig_profile_web","article_modified_time":"2024-08-07T01:00:05+00:00","og_image":[{"width":710,"height":770,"url":"https:\/\/turbofreshpty.com\/wp-content\/uploads\/2024\/08\/power.webp","type":"image\/webp"}],"twitter_card":"summary_large_image","twitter_misc":{"Est. reading time":"2 minutes"},"schema":{"@context":"https:\/\/schema.org","@graph":[{"@type":"WebPage","@id":"https:\/\/turbofreshpty.com\/product\/power-breezer\/","url":"https:\/\/turbofreshpty.com\/product\/power-breezer\/","name":"POWER BREEZER - Turbofresh Panam\u00e1 y Centro Am\u00e9rica","isPartOf":{"@id":"https:\/\/turbofreshpty.com\/#website"},"primaryImageOfPage":{"@id":"https:\/\/turbofreshpty.com\/product\/power-breezer\/#primaryimage"},"image":{"@id":"https:\/\/turbofreshpty.com\/product\/power-breezer\/#primaryimage"},"thumbnailUrl":"https:\/\/turbofreshpty.com\/wp-content\/uploads\/2024\/08\/power.webp","datePublished":"2024-08-03T21:37:41+00:00","dateModified":"2024-08-07T01:00:05+00:00","breadcrumb":{"@id":"https:\/\/turbofreshpty.com\/product\/power-breezer\/#breadcrumb"},"inLanguage":"en-US","potentialAction":[{"@type":"ReadAction","target":["https:\/\/turbofreshpty.com\/product\/power-breezer\/"]}]},{"@type":"ImageObject","inLanguage":"en-US","@id":"https:\/\/turbofreshpty.com\/product\/power-breezer\/#primaryimage","url":"https:\/\/turbofreshpty.com\/wp-content\/uploads\/2024\/08\/power.webp","contentUrl":"https:\/\/turbofreshpty.com\/wp-content\/uploads\/2024\/08\/power.webp","width":710,"height":770},{"@type":"BreadcrumbList","@id":"https:\/\/turbofreshpty.com\/product\/power-breezer\/#breadcrumb","itemListElement":[{"@type":"ListItem","position":1,"name":"Home","item":"https:\/\/turbofreshpty.com\/"},{"@type":"ListItem","position":2,"name":"Shop","item":"https:\/\/turbofreshpty.com\/shop\/"},{"@type":"ListItem","position":3,"name":"POWER BREEZER"}]},{"@type":"WebSite","@id":"https:\/\/turbofreshpty.com\/#website","url":"https:\/\/turbofreshpty.com\/","name":"Turbofresh - Panam\u00e1 y Centro Am\u00e9rica","description":"","publisher":{"@id":"https:\/\/turbofreshpty.com\/#organization"},"potentialAction":[{"@type":"SearchAction","target":{"@type":"EntryPoint","urlTemplate":"https:\/\/turbofreshpty.com\/?s={search_term_string}"},"query-input":{"@type":"PropertyValueSpecification","valueRequired":true,"valueName":"search_term_string"}}],"inLanguage":"en-US"},{"@type":"Organization","@id":"https:\/\/turbofreshpty.com\/#organization","name":"Turbofresh","url":"https:\/\/turbofreshpty.com\/","logo":{"@type":"ImageObject","inLanguage":"en-US","@id":"https:\/\/turbofreshpty.com\/#\/schema\/logo\/image\/","url":"https:\/\/turbofreshpty.com\/wp-content\/uploads\/2024\/08\/turbofreshlogo.webp","contentUrl":"https:\/\/turbofreshpty.com\/wp-content\/uploads\/2024\/08\/turbofreshlogo.webp","width":470,"height":110,"caption":"Turbofresh"},"image":{"@id":"https:\/\/turbofreshpty.com\/#\/schema\/logo\/image\/"},"sameAs":["https:\/\/www.facebook.com\/people\/TurboFresh-Latam\/pfbid0ajaDMQgnm7ud7M1HECvSm67SoYW1HvhB8BVRgvFzrVgyr7mDC36xgXYRfCRwRE5tl\/?ref=xav_ig_profile_web","https:\/\/www.instagram.com\/turbofreshlatam\/?hl=es"]}]}},"_links":{"self":[{"href":"https:\/\/turbofreshpty.com\/en\/wp-json\/wp\/v2\/product\/9886","targetHints":{"allow":["GET"]}}],"collection":[{"href":"https:\/\/turbofreshpty.com\/en\/wp-json\/wp\/v2\/product"}],"about":[{"href":"https:\/\/turbofreshpty.com\/en\/wp-json\/wp\/v2\/types\/product"}],"wp:featuredmedia":[{"embeddable":true,"href":"https:\/\/turbofreshpty.com\/en\/wp-json\/wp\/v2\/media\/9887"}],"wp:attachment":[{"href":"https:\/\/turbofreshpty.com\/en\/wp-json\/wp\/v2\/media?parent=9886"}],"wp:term":[{"taxonomy":"product_brand","embeddable":true,"href":"https:\/\/turbofreshpty.com\/en\/wp-json\/wp\/v2\/product_brand?post=9886"},{"taxonomy":"product_cat","embeddable":true,"href":"https:\/\/turbofreshpty.com\/en\/wp-json\/wp\/v2\/product_cat?post=9886"},{"taxonomy":"product_tag","embeddable":true,"href":"https:\/\/turbofreshpty.com\/en\/wp-json\/wp\/v2\/product_tag?post=9886"}],"curies":[{"name":"wp","href":"https:\/\/api.w.org\/{rel}","templated":true}]}}