{"id":9834,"date":"2024-08-02T19:04:45","date_gmt":"2024-08-02T19:04:45","guid":{"rendered":"https:\/\/turbofreshpty.com\/?page_id=9834"},"modified":"2024-08-03T21:42:06","modified_gmt":"2024-08-03T21:42:06","slug":"catalogo","status":"publish","type":"page","link":"https:\/\/turbofreshpty.com\/en\/inicio\/catalogo\/","title":{"rendered":"Catalog"},"content":{"rendered":"<div class=\"wpb-content-wrapper\"><div class=\"vc_row wpb_row vc_row-fluid vc_custom_1722626429472 wd-rs-66ad31721395f wd-section-stretch-content-no-pd\"><div class=\"wpb_column vc_column_container vc_col-sm-12\"><div class=\"vc_column-inner\"><div class=\"wpb_wrapper\">\n\t<div  class=\"wpb_single_image wpb_content_element vc_align_left wpb_animate_when_almost_visible wpb_slideInLeft slideInLeft\">\n\t\t\n\t\t<figure class=\"wpb_wrapper vc_figure\">\n\t\t\t<a href=\"\/en\/product-category\/vector\/\" target=\"_self\" class=\"vc_single_image-wrapper   vc_box_border_grey\"><img loading=\"lazy\" decoding=\"async\" width=\"1920\" height=\"529\" src=\"https:\/\/turbofreshpty.com\/wp-content\/uploads\/2024\/08\/1.-Marca-Vector.png\" class=\"vc_single_image-img attachment-full\" alt=\"Marca - Vector\" title=\"1. Marca - Vector\" srcset=\"https:\/\/turbofreshpty.com\/wp-content\/uploads\/2024\/08\/1.-Marca-Vector.png 1920w, https:\/\/turbofreshpty.com\/wp-content\/uploads\/2024\/08\/1.-Marca-Vector-400x110.png 400w, https:\/\/turbofreshpty.com\/wp-content\/uploads\/2024\/08\/1.-Marca-Vector-1300x358.png 1300w, https:\/\/turbofreshpty.com\/wp-content\/uploads\/2024\/08\/1.-Marca-Vector-768x212.png 768w, https:\/\/turbofreshpty.com\/wp-content\/uploads\/2024\/08\/1.-Marca-Vector-1536x423.png 1536w, https:\/\/turbofreshpty.com\/wp-content\/uploads\/2024\/08\/1.-Marca-Vector-430x118.png 430w, https:\/\/turbofreshpty.com\/wp-content\/uploads\/2024\/08\/1.-Marca-Vector-700x193.png 700w, https:\/\/turbofreshpty.com\/wp-content\/uploads\/2024\/08\/1.-Marca-Vector-150x41.png 150w\" sizes=\"auto, (max-width: 1920px) 100vw, 1920px\" \/><\/a>\n\t\t<\/figure>\n\t<\/div>\n<\/div><\/div><\/div><\/div><div class=\"vc_row wpb_row vc_row-fluid vc_custom_1722626429472 wd-rs-66ad31721395f wd-section-stretch-content-no-pd\"><div class=\"wpb_column vc_column_container vc_col-sm-12\"><div class=\"vc_column-inner\"><div class=\"wpb_wrapper\">\n\t<div  class=\"wpb_single_image wpb_content_element vc_align_left wpb_animate_when_almost_visible wpb_slideInRight slideInRight\">\n\t\t\n\t\t<figure class=\"wpb_wrapper vc_figure\">\n\t\t\t<a href=\"\/en\/product\/power-breezer\/\" target=\"_self\" class=\"vc_single_image-wrapper   vc_box_border_grey\"><img loading=\"lazy\" decoding=\"async\" width=\"1921\" height=\"529\" src=\"https:\/\/turbofreshpty.com\/wp-content\/uploads\/2024\/08\/2.-Marca-Power-Breezer.png\" class=\"vc_single_image-img attachment-full\" alt=\"Marca - Power Breezer\" title=\"2. Marca - Power Breezer\" srcset=\"https:\/\/turbofreshpty.com\/wp-content\/uploads\/2024\/08\/2.-Marca-Power-Breezer.png 1921w, https:\/\/turbofreshpty.com\/wp-content\/uploads\/2024\/08\/2.-Marca-Power-Breezer-400x110.png 400w, https:\/\/turbofreshpty.com\/wp-content\/uploads\/2024\/08\/2.-Marca-Power-Breezer-1300x358.png 1300w, https:\/\/turbofreshpty.com\/wp-content\/uploads\/2024\/08\/2.-Marca-Power-Breezer-768x211.png 768w, https:\/\/turbofreshpty.com\/wp-content\/uploads\/2024\/08\/2.-Marca-Power-Breezer-1536x423.png 1536w, https:\/\/turbofreshpty.com\/wp-content\/uploads\/2024\/08\/2.-Marca-Power-Breezer-430x118.png 430w, https:\/\/turbofreshpty.com\/wp-content\/uploads\/2024\/08\/2.-Marca-Power-Breezer-700x193.png 700w, https:\/\/turbofreshpty.com\/wp-content\/uploads\/2024\/08\/2.-Marca-Power-Breezer-150x41.png 150w\" sizes=\"auto, (max-width: 1921px) 100vw, 1921px\" \/><\/a>\n\t\t<\/figure>\n\t<\/div>\n<\/div><\/div><\/div><\/div><div class=\"vc_row wpb_row vc_row-fluid vc_custom_1722626429472 wd-rs-66ad31721395f wd-section-stretch-content-no-pd\"><div class=\"wpb_column vc_column_container vc_col-sm-12\"><div class=\"vc_column-inner\"><div class=\"wpb_wrapper\">\n\t<div  class=\"wpb_single_image wpb_content_element vc_align_left wpb_animate_when_almost_visible wpb_slideInLeft slideInLeft\">\n\t\t\n\t\t<figure class=\"wpb_wrapper vc_figure\">\n\t\t\t<a href=\"\/en\/product-category\/hunter\/\" target=\"_self\" class=\"vc_single_image-wrapper   vc_box_border_grey\"><img loading=\"lazy\" decoding=\"async\" width=\"1921\" height=\"529\" src=\"https:\/\/turbofreshpty.com\/wp-content\/uploads\/2024\/08\/3.-Marca-Hunter.png\" class=\"vc_single_image-img attachment-full\" alt=\"Marca - Hunter\" title=\"3. Marca - Hunter\" srcset=\"https:\/\/turbofreshpty.com\/wp-content\/uploads\/2024\/08\/3.-Marca-Hunter.png 1921w, https:\/\/turbofreshpty.com\/wp-content\/uploads\/2024\/08\/3.-Marca-Hunter-400x110.png 400w, https:\/\/turbofreshpty.com\/wp-content\/uploads\/2024\/08\/3.-Marca-Hunter-1300x358.png 1300w, https:\/\/turbofreshpty.com\/wp-content\/uploads\/2024\/08\/3.-Marca-Hunter-768x211.png 768w, https:\/\/turbofreshpty.com\/wp-content\/uploads\/2024\/08\/3.-Marca-Hunter-1536x423.png 1536w, https:\/\/turbofreshpty.com\/wp-content\/uploads\/2024\/08\/3.-Marca-Hunter-430x118.png 430w, https:\/\/turbofreshpty.com\/wp-content\/uploads\/2024\/08\/3.-Marca-Hunter-700x193.png 700w, https:\/\/turbofreshpty.com\/wp-content\/uploads\/2024\/08\/3.-Marca-Hunter-150x41.png 150w\" sizes=\"auto, (max-width: 1921px) 100vw, 1921px\" \/><\/a>\n\t\t<\/figure>\n\t<\/div>\n<\/div><\/div><\/div><\/div><div class=\"vc_row wpb_row vc_row-fluid vc_custom_1722626429472 wd-rs-66ad31721395f wd-section-stretch-content-no-pd\"><div class=\"wpb_column vc_column_container vc_col-sm-12\"><div class=\"vc_column-inner\"><div class=\"wpb_wrapper\">\n\t<div  class=\"wpb_single_image wpb_content_element vc_align_left wpb_animate_when_almost_visible wpb_slideInRight slideInRight\">\n\t\t\n\t\t<figure class=\"wpb_wrapper vc_figure\">\n\t\t\t<a href=\"\/en\/product-category\/kale-fans\/\" target=\"_self\" class=\"vc_single_image-wrapper   vc_box_border_grey\"><img loading=\"lazy\" decoding=\"async\" width=\"1921\" height=\"530\" src=\"https:\/\/turbofreshpty.com\/wp-content\/uploads\/2024\/08\/4.-Marca-Kale.png\" class=\"vc_single_image-img attachment-full\" alt=\"Marca - Kale\" title=\"4. Marca - Kale\" srcset=\"https:\/\/turbofreshpty.com\/wp-content\/uploads\/2024\/08\/4.-Marca-Kale.png 1921w, https:\/\/turbofreshpty.com\/wp-content\/uploads\/2024\/08\/4.-Marca-Kale-400x110.png 400w, https:\/\/turbofreshpty.com\/wp-content\/uploads\/2024\/08\/4.-Marca-Kale-1300x359.png 1300w, https:\/\/turbofreshpty.com\/wp-content\/uploads\/2024\/08\/4.-Marca-Kale-768x212.png 768w, https:\/\/turbofreshpty.com\/wp-content\/uploads\/2024\/08\/4.-Marca-Kale-1536x424.png 1536w, https:\/\/turbofreshpty.com\/wp-content\/uploads\/2024\/08\/4.-Marca-Kale-430x119.png 430w, https:\/\/turbofreshpty.com\/wp-content\/uploads\/2024\/08\/4.-Marca-Kale-700x193.png 700w, https:\/\/turbofreshpty.com\/wp-content\/uploads\/2024\/08\/4.-Marca-Kale-150x41.png 150w\" sizes=\"auto, (max-width: 1921px) 100vw, 1921px\" \/><\/a>\n\t\t<\/figure>\n\t<\/div>\n<\/div><\/div><\/div><\/div>\n<\/div>","protected":false},"excerpt":{"rendered":"","protected":false},"author":1,"featured_media":0,"parent":7379,"menu_order":0,"comment_status":"closed","ping_status":"closed","template":"","meta":{"nf_dc_page":"","footnotes":""},"class_list":["post-9834","page","type-page","status-publish","hentry"],"yoast_head":"<!-- This site is optimized with the Yoast SEO Premium plugin v23.7 (Yoast SEO v27.5) - https:\/\/yoast.com\/product\/yoast-seo-premium-wordpress\/ -->\n<title>Cat\u00e1logo de Soluciones de Ventilaci\u00f3n - Turbofresh Panam\u00e1 y Centro Am\u00e9rica<\/title>\n<meta name=\"description\" content=\"Bienvenido a nuestro cat\u00e1logo de soluciones de ventilaci\u00f3n innovadoras en Latinoam\u00e9rica.\" \/>\n<meta name=\"robots\" content=\"index, follow, max-snippet:-1, max-image-preview:large, max-video-preview:-1\" \/>\n<link rel=\"canonical\" href=\"https:\/\/turbofreshpty.com\/en\/inicio\/catalogo\/\" \/>\n<meta property=\"og:locale\" content=\"en_US\" \/>\n<meta property=\"og:type\" content=\"article\" \/>\n<meta property=\"og:title\" content=\"Cat\u00e1logo\" \/>\n<meta property=\"og:description\" content=\"Bienvenido a nuestro cat\u00e1logo de soluciones de ventilaci\u00f3n innovadoras en Latinoam\u00e9rica.\" \/>\n<meta property=\"og:url\" content=\"https:\/\/turbofreshpty.com\/en\/inicio\/catalogo\/\" \/>\n<meta property=\"og:site_name\" content=\"Turbofresh Panam\u00e1 y Centro Am\u00e9rica\" \/>\n<meta property=\"article:publisher\" content=\"https:\/\/www.facebook.com\/people\/TurboFresh-Latam\/pfbid0ajaDMQgnm7ud7M1HECvSm67SoYW1HvhB8BVRgvFzrVgyr7mDC36xgXYRfCRwRE5tl\/?ref=xav_ig_profile_web\" \/>\n<meta property=\"article:modified_time\" content=\"2024-08-03T21:42:06+00:00\" \/>\n<meta property=\"og:image\" content=\"https:\/\/turbofreshpty.com\/wp-content\/uploads\/2024\/07\/TurboFresh-FAVICON-02.png\" \/>\n\t<meta property=\"og:image:width\" content=\"300\" \/>\n\t<meta property=\"og:image:height\" content=\"300\" \/>\n\t<meta property=\"og:image:type\" content=\"image\/png\" \/>\n<meta name=\"twitter:card\" content=\"summary_large_image\" \/>\n<meta name=\"twitter:label1\" content=\"Est. reading time\" \/>\n\t<meta name=\"twitter:data1\" content=\"2 minutes\" \/>\n<script type=\"application\/ld+json\" class=\"yoast-schema-graph\">{\"@context\":\"https:\\\/\\\/schema.org\",\"@graph\":[{\"@type\":\"WebPage\",\"@id\":\"https:\\\/\\\/turbofreshpty.com\\\/inicio\\\/catalogo\\\/\",\"url\":\"https:\\\/\\\/turbofreshpty.com\\\/inicio\\\/catalogo\\\/\",\"name\":\"Cat\u00e1logo de Soluciones de Ventilaci\u00f3n - Turbofresh Panam\u00e1 y Centro Am\u00e9rica\",\"isPartOf\":{\"@id\":\"https:\\\/\\\/turbofreshpty.com\\\/#website\"},\"datePublished\":\"2024-08-02T19:04:45+00:00\",\"dateModified\":\"2024-08-03T21:42:06+00:00\",\"description\":\"Bienvenido a nuestro cat\u00e1logo de soluciones de ventilaci\u00f3n innovadoras en Latinoam\u00e9rica.\",\"breadcrumb\":{\"@id\":\"https:\\\/\\\/turbofreshpty.com\\\/inicio\\\/catalogo\\\/#breadcrumb\"},\"inLanguage\":\"en-US\",\"potentialAction\":[{\"@type\":\"ReadAction\",\"target\":[\"https:\\\/\\\/turbofreshpty.com\\\/inicio\\\/catalogo\\\/\"]}]},{\"@type\":\"BreadcrumbList\",\"@id\":\"https:\\\/\\\/turbofreshpty.com\\\/inicio\\\/catalogo\\\/#breadcrumb\",\"itemListElement\":[{\"@type\":\"ListItem\",\"position\":1,\"name\":\"Home\",\"item\":\"https:\\\/\\\/turbofreshpty.com\\\/\"},{\"@type\":\"ListItem\",\"position\":2,\"name\":\"Inicio\",\"item\":\"https:\\\/\\\/turbofreshpty.com\\\/\"},{\"@type\":\"ListItem\",\"position\":3,\"name\":\"Cat\u00e1logo\"}]},{\"@type\":\"WebSite\",\"@id\":\"https:\\\/\\\/turbofreshpty.com\\\/#website\",\"url\":\"https:\\\/\\\/turbofreshpty.com\\\/\",\"name\":\"Turbofresh - Panam\u00e1 y Centro Am\u00e9rica\",\"description\":\"\",\"publisher\":{\"@id\":\"https:\\\/\\\/turbofreshpty.com\\\/#organization\"},\"potentialAction\":[{\"@type\":\"SearchAction\",\"target\":{\"@type\":\"EntryPoint\",\"urlTemplate\":\"https:\\\/\\\/turbofreshpty.com\\\/?s={search_term_string}\"},\"query-input\":{\"@type\":\"PropertyValueSpecification\",\"valueRequired\":true,\"valueName\":\"search_term_string\"}}],\"inLanguage\":\"en-US\"},{\"@type\":\"Organization\",\"@id\":\"https:\\\/\\\/turbofreshpty.com\\\/#organization\",\"name\":\"Turbofresh\",\"url\":\"https:\\\/\\\/turbofreshpty.com\\\/\",\"logo\":{\"@type\":\"ImageObject\",\"inLanguage\":\"en-US\",\"@id\":\"https:\\\/\\\/turbofreshpty.com\\\/#\\\/schema\\\/logo\\\/image\\\/\",\"url\":\"https:\\\/\\\/turbofreshpty.com\\\/wp-content\\\/uploads\\\/2024\\\/08\\\/turbofreshlogo.webp\",\"contentUrl\":\"https:\\\/\\\/turbofreshpty.com\\\/wp-content\\\/uploads\\\/2024\\\/08\\\/turbofreshlogo.webp\",\"width\":470,\"height\":110,\"caption\":\"Turbofresh\"},\"image\":{\"@id\":\"https:\\\/\\\/turbofreshpty.com\\\/#\\\/schema\\\/logo\\\/image\\\/\"},\"sameAs\":[\"https:\\\/\\\/www.facebook.com\\\/people\\\/TurboFresh-Latam\\\/pfbid0ajaDMQgnm7ud7M1HECvSm67SoYW1HvhB8BVRgvFzrVgyr7mDC36xgXYRfCRwRE5tl\\\/?ref=xav_ig_profile_web\",\"https:\\\/\\\/www.instagram.com\\\/turbofreshlatam\\\/?hl=es\"]}]}<\/script>\n<!-- \/ Yoast SEO Premium plugin. -->","yoast_head_json":{"title":"Cat\u00e1logo de Soluciones de Ventilaci\u00f3n - Turbofresh Panam\u00e1 y Centro Am\u00e9rica","description":"Bienvenido a nuestro cat\u00e1logo de soluciones de ventilaci\u00f3n innovadoras en Latinoam\u00e9rica.","robots":{"index":"index","follow":"follow","max-snippet":"max-snippet:-1","max-image-preview":"max-image-preview:large","max-video-preview":"max-video-preview:-1"},"canonical":"https:\/\/turbofreshpty.com\/en\/inicio\/catalogo\/","og_locale":"en_US","og_type":"article","og_title":"Cat\u00e1logo","og_description":"Bienvenido a nuestro cat\u00e1logo de soluciones de ventilaci\u00f3n innovadoras en Latinoam\u00e9rica.","og_url":"https:\/\/turbofreshpty.com\/en\/inicio\/catalogo\/","og_site_name":"Turbofresh Panam\u00e1 y Centro Am\u00e9rica","article_publisher":"https:\/\/www.facebook.com\/people\/TurboFresh-Latam\/pfbid0ajaDMQgnm7ud7M1HECvSm67SoYW1HvhB8BVRgvFzrVgyr7mDC36xgXYRfCRwRE5tl\/?ref=xav_ig_profile_web","article_modified_time":"2024-08-03T21:42:06+00:00","og_image":[{"width":300,"height":300,"url":"https:\/\/turbofreshpty.com\/wp-content\/uploads\/2024\/07\/TurboFresh-FAVICON-02.png","type":"image\/png"}],"twitter_card":"summary_large_image","twitter_misc":{"Est. reading time":"2 minutes"},"schema":{"@context":"https:\/\/schema.org","@graph":[{"@type":"WebPage","@id":"https:\/\/turbofreshpty.com\/inicio\/catalogo\/","url":"https:\/\/turbofreshpty.com\/inicio\/catalogo\/","name":"Cat\u00e1logo de Soluciones de Ventilaci\u00f3n - Turbofresh Panam\u00e1 y Centro Am\u00e9rica","isPartOf":{"@id":"https:\/\/turbofreshpty.com\/#website"},"datePublished":"2024-08-02T19:04:45+00:00","dateModified":"2024-08-03T21:42:06+00:00","description":"Bienvenido a nuestro cat\u00e1logo de soluciones de ventilaci\u00f3n innovadoras en Latinoam\u00e9rica.","breadcrumb":{"@id":"https:\/\/turbofreshpty.com\/inicio\/catalogo\/#breadcrumb"},"inLanguage":"en-US","potentialAction":[{"@type":"ReadAction","target":["https:\/\/turbofreshpty.com\/inicio\/catalogo\/"]}]},{"@type":"BreadcrumbList","@id":"https:\/\/turbofreshpty.com\/inicio\/catalogo\/#breadcrumb","itemListElement":[{"@type":"ListItem","position":1,"name":"Home","item":"https:\/\/turbofreshpty.com\/"},{"@type":"ListItem","position":2,"name":"Inicio","item":"https:\/\/turbofreshpty.com\/"},{"@type":"ListItem","position":3,"name":"Cat\u00e1logo"}]},{"@type":"WebSite","@id":"https:\/\/turbofreshpty.com\/#website","url":"https:\/\/turbofreshpty.com\/","name":"Turbofresh - Panam\u00e1 y Centro Am\u00e9rica","description":"","publisher":{"@id":"https:\/\/turbofreshpty.com\/#organization"},"potentialAction":[{"@type":"SearchAction","target":{"@type":"EntryPoint","urlTemplate":"https:\/\/turbofreshpty.com\/?s={search_term_string}"},"query-input":{"@type":"PropertyValueSpecification","valueRequired":true,"valueName":"search_term_string"}}],"inLanguage":"en-US"},{"@type":"Organization","@id":"https:\/\/turbofreshpty.com\/#organization","name":"Turbofresh","url":"https:\/\/turbofreshpty.com\/","logo":{"@type":"ImageObject","inLanguage":"en-US","@id":"https:\/\/turbofreshpty.com\/#\/schema\/logo\/image\/","url":"https:\/\/turbofreshpty.com\/wp-content\/uploads\/2024\/08\/turbofreshlogo.webp","contentUrl":"https:\/\/turbofreshpty.com\/wp-content\/uploads\/2024\/08\/turbofreshlogo.webp","width":470,"height":110,"caption":"Turbofresh"},"image":{"@id":"https:\/\/turbofreshpty.com\/#\/schema\/logo\/image\/"},"sameAs":["https:\/\/www.facebook.com\/people\/TurboFresh-Latam\/pfbid0ajaDMQgnm7ud7M1HECvSm67SoYW1HvhB8BVRgvFzrVgyr7mDC36xgXYRfCRwRE5tl\/?ref=xav_ig_profile_web","https:\/\/www.instagram.com\/turbofreshlatam\/?hl=es"]}]}},"_links":{"self":[{"href":"https:\/\/turbofreshpty.com\/en\/wp-json\/wp\/v2\/pages\/9834","targetHints":{"allow":["GET"]}}],"collection":[{"href":"https:\/\/turbofreshpty.com\/en\/wp-json\/wp\/v2\/pages"}],"about":[{"href":"https:\/\/turbofreshpty.com\/en\/wp-json\/wp\/v2\/types\/page"}],"author":[{"embeddable":true,"href":"https:\/\/turbofreshpty.com\/en\/wp-json\/wp\/v2\/users\/1"}],"replies":[{"embeddable":true,"href":"https:\/\/turbofreshpty.com\/en\/wp-json\/wp\/v2\/comments?post=9834"}],"version-history":[{"count":5,"href":"https:\/\/turbofreshpty.com\/en\/wp-json\/wp\/v2\/pages\/9834\/revisions"}],"predecessor-version":[{"id":9888,"href":"https:\/\/turbofreshpty.com\/en\/wp-json\/wp\/v2\/pages\/9834\/revisions\/9888"}],"up":[{"embeddable":true,"href":"https:\/\/turbofreshpty.com\/en\/wp-json\/wp\/v2\/pages\/7379"}],"wp:attachment":[{"href":"https:\/\/turbofreshpty.com\/en\/wp-json\/wp\/v2\/media?parent=9834"}],"curies":[{"name":"wp","href":"https:\/\/api.w.org\/{rel}","templated":true}]}}