{"id":5288,"date":"2021-08-25T09:00:10","date_gmt":"2021-08-25T09:00:10","guid":{"rendered":"http:\/\/dummy.xtemos.com\/woodmart2\/?page_id=5288"},"modified":"2024-09-05T04:15:47","modified_gmt":"2024-09-05T04:15:47","slug":"contacto","status":"publish","type":"page","link":"https:\/\/turbofreshpty.com\/en\/contacto\/","title":{"rendered":"Contact"},"content":{"rendered":"<div class=\"wpb-content-wrapper\"><div class=\"vc_row wpb_row vc_row-fluid vc_custom_1725508152667 vc_row-has-fill wd-rs-66d92a0e5ca77 wd-section-stretch-content\"><div class=\"wpb_column vc_column_container vc_col-sm-12 vc_col-lg-12 vc_col-md-12 vc_col-xs-12 wd-enabled-flex text-left wd-rs-66d924d9b403b\"><div class=\"vc_column-inner vc_custom_1725506776911\"><div class=\"wpb_wrapper\">\n\t\t<div id=\"wd-66d92058e59fc\" class=\"title-wrapper wd-wpb wd-set-mb reset-last-child  wd-rs-66d92058e59fc wd-title-color-white wd-title-style-default text-left vc_custom_1725505646303 wd-underline-colored\">\n\t\t\t\n\t\t\t<div class=\"liner-continer\">\n\t\t\t\t<h4 class=\"woodmart-title-container title  wd-font-weight-600 wd-fontsize-xxl\" >Contact Us<\/h4>\n\t\t\t\t\t\t\t<\/div>\n\t\t\t\n\t\t\t\t\t\t\t<div class=\"title-after_title reset-last-child  wd-fontsize-s\">To rent or purchase any of our ventilation equipment.<\/div>\n\t\t\t\n\t\t\t\n\t\t<\/div>\n\t\t\n\t\t<\/div><\/div><\/div><div class=\"wpb_column vc_column_container vc_col-sm-12 vc_col-md-12 vc_col-xs-12 wd-enabled-flex wd-rs-66d92ba937022\" id=\"form-contacto\"><div class=\"vc_column-inner vc_custom_1725508520874\"><div class=\"wpb_wrapper\">\n<div class=\"wpcf7 no-js\" id=\"wpcf7-f1938-o1\" lang=\"en-US\" dir=\"ltr\" data-wpcf7-id=\"1938\">\n<div class=\"screen-reader-response\"><p role=\"status\" aria-live=\"polite\" aria-atomic=\"true\"><\/p> <ul><\/ul><\/div>\n<form action=\"\/en\/wp-json\/wp\/v2\/pages\/5288#wpcf7-f1938-o1\" method=\"post\" class=\"wpcf7-form init\" aria-label=\"Contact form\" novalidate=\"novalidate\" data-status=\"init\" data-trp-original-action=\"\/en\/wp-json\/wp\/v2\/pages\/5288#wpcf7-f1938-o1\">\n<fieldset class=\"hidden-fields-container\"><input type=\"hidden\" name=\"_wpcf7\" value=\"1938\" \/><input type=\"hidden\" name=\"_wpcf7_version\" value=\"6.1.4\" \/><input type=\"hidden\" name=\"_wpcf7_locale\" value=\"en_US\" \/><input type=\"hidden\" name=\"_wpcf7_unit_tag\" value=\"wpcf7-f1938-o1\" \/><input type=\"hidden\" name=\"_wpcf7_container_post\" value=\"0\" \/><input type=\"hidden\" name=\"_wpcf7_posted_data_hash\" value=\"\" \/>\n<\/fieldset>\n<div class=\"row\">\n\t<p class=\"col-md-6\"><label>First Name<\/label><span class=\"wpcf7-form-control-wrap\" data-name=\"nombre\"><input size=\"40\" maxlength=\"400\" class=\"wpcf7-form-control wpcf7-text wpcf7-validates-as-required\" aria-required=\"true\" aria-invalid=\"false\" value=\"\" type=\"text\" name=\"nombre\" \/><\/span>\n\t<\/p>\n\t<p class=\"col-md-6\"><label>Last Name<\/label><span class=\"wpcf7-form-control-wrap\" data-name=\"apellido\"><input size=\"40\" maxlength=\"400\" class=\"wpcf7-form-control wpcf7-text wpcf7-validates-as-required\" aria-required=\"true\" aria-invalid=\"false\" value=\"\" type=\"text\" name=\"apellido\" \/><\/span>\n\t<\/p>\n<\/div>\n<div class=\"row\">\n\t<p class=\"col-md-6\"><label>Email Address<\/label><span class=\"wpcf7-form-control-wrap\" data-name=\"correo\"><input size=\"40\" maxlength=\"400\" class=\"wpcf7-form-control wpcf7-email wpcf7-validates-as-required wpcf7-text wpcf7-validates-as-email\" aria-required=\"true\" aria-invalid=\"false\" value=\"\" type=\"email\" name=\"correo\" \/><\/span>\n\t<\/p>\n\t<p class=\"col-md-6\"><label>Phone Number<\/label><span class=\"wpcf7-form-control-wrap\" data-name=\"telefono\"><input size=\"40\" maxlength=\"400\" class=\"wpcf7-form-control wpcf7-tel wpcf7-validates-as-required wpcf7-text wpcf7-validates-as-tel\" aria-required=\"true\" aria-invalid=\"false\" value=\"\" type=\"tel\" name=\"telefono\" \/><\/span>\n\t<\/p>\n<\/div>\n<div class=\"row\">\n\t<p class=\"col-md-6\"><label>Select your brand<\/label><span class=\"wpcf7-form-control-wrap\" data-name=\"marca\"><select class=\"wpcf7-form-control wpcf7-select wpcf7-validates-as-required\" aria-required=\"true\" aria-invalid=\"false\" name=\"marca\"><option value=\"Hunter\">Hunter<\/option><option value=\"Kale Fans\">Kale Fans<\/option><option value=\"Vector\">Vector<\/option><option value=\"Power Breezer\">Power Breezer<\/option><\/select><\/span>\n\t<\/p>\n\t<p class=\"col-md-6\"><label>Product<\/label><span class=\"wpcf7-form-control-wrap\" data-name=\"producto\"><select class=\"wpcf7-form-control wpcf7-select wpcf7-validates-as-required\" aria-required=\"true\" aria-invalid=\"false\" name=\"producto\"><option value=\"AIRPOLE\">AIRPOLE<\/option><option value=\"AIRFREE\">AIRFREE<\/option><option value=\"AIRMOVE II\">AIRMOVE II<\/option><option value=\"AIRMOVE\">AIRMOVE<\/option><option value=\"AIRCOOL\">AIRCOOL<\/option><option value=\"DIAMOND\">DIAMOND<\/option><option value=\"BOREAS II\">BOREAS II<\/option><option value=\"EURUS II\">EURUS II<\/option><option value=\"ZEPHYRUS\">ZEPHYRUS<\/option><option value=\"STINGRAY\">STINGRAY<\/option><option value=\"TRAK\">TRAK<\/option><option value=\"XP\">XP<\/option><option value=\"DDI\">DDI<\/option><option value=\"ECO\">ECO<\/option><option value=\"TITAN\">TITAN<\/option><option value=\"PARKVIEW\">PARKVIEW<\/option><option value=\"EURUS III\">EURUS III<\/option><option value=\"POWER BREEZER\">POWER BREEZER<\/option><option value=\"SPARTAN\">SPARTAN<\/option><option value=\"ABANICO PORT\u00c1TIL\">ABANICO PORT\u00c1TIL<\/option><\/select><\/span>\n\t<\/p>\n<\/div>\n<p><label>Message<\/label><span class=\"wpcf7-form-control-wrap\" data-name=\"mensaje\"><textarea cols=\"40\" rows=\"10\" maxlength=\"2000\" class=\"wpcf7-form-control wpcf7-textarea wpcf7-validates-as-required\" aria-required=\"true\" aria-invalid=\"false\" name=\"mensaje\"><\/textarea><\/span>\n<\/p>\n<p><input class=\"wpcf7-form-control wpcf7-submit has-spinner\" type=\"submit\" value=\"Submit\" \/>\n<\/p><p style=\"display: none !important;\" class=\"akismet-fields-container\" data-prefix=\"_wpcf7_ak_\"><label>&#916;<textarea name=\"_wpcf7_ak_hp_textarea\" cols=\"45\" rows=\"8\" maxlength=\"100\"><\/textarea><\/label><input type=\"hidden\" id=\"ak_js_1\" name=\"_wpcf7_ak_js\" value=\"20\"\/><script>document.getElementById( \"ak_js_1\" ).setAttribute( \"value\", ( new Date() ).getTime() );<\/script><\/p><input type='hidden' class='wpcf7-pum' value='{\"closepopup\":false,\"closedelay\":0,\"openpopup\":false,\"openpopup_id\":0}' \/><div class=\"wpcf7-response-output\" aria-hidden=\"true\"><\/div>\n<input type=\"hidden\" name=\"trp-form-language\" value=\"en\"\/><\/form>\n<\/div>\n<\/div><\/div><\/div><\/div>\n<\/div>","protected":false},"excerpt":{"rendered":"Cont\u00e1ctanos Para alquilar o comprar cualquiera de nuestros equipos de ventilaci\u00f3n. Nombre Apellido Email N\u00famero de tel\u00e9fono Selecciona una marcaHunterKale","protected":false},"author":1,"featured_media":0,"parent":0,"menu_order":0,"comment_status":"closed","ping_status":"closed","template":"","meta":{"nf_dc_page":"","footnotes":""},"class_list":["post-5288","page","type-page","status-publish","hentry"],"yoast_head":"<!-- This site is optimized with the Yoast SEO Premium plugin v23.7 (Yoast SEO v27.5) - https:\/\/yoast.com\/product\/yoast-seo-premium-wordpress\/ -->\n<title>Contacto - Turbofresh Panam\u00e1 y Centro Am\u00e9rica<\/title>\n<meta name=\"robots\" content=\"index, follow, max-snippet:-1, max-image-preview:large, max-video-preview:-1\" \/>\n<link rel=\"canonical\" href=\"https:\/\/turbofreshpty.com\/en\/contacto\/\" \/>\n<meta property=\"og:locale\" content=\"en_US\" \/>\n<meta property=\"og:type\" content=\"article\" \/>\n<meta property=\"og:title\" content=\"Contacto\" \/>\n<meta property=\"og:url\" content=\"https:\/\/turbofreshpty.com\/en\/contacto\/\" \/>\n<meta property=\"og:site_name\" content=\"Turbofresh Panam\u00e1 y Centro Am\u00e9rica\" \/>\n<meta property=\"article:publisher\" content=\"https:\/\/www.facebook.com\/people\/TurboFresh-Latam\/pfbid0ajaDMQgnm7ud7M1HECvSm67SoYW1HvhB8BVRgvFzrVgyr7mDC36xgXYRfCRwRE5tl\/?ref=xav_ig_profile_web\" \/>\n<meta property=\"article:modified_time\" content=\"2024-09-05T04:15:47+00:00\" \/>\n<meta property=\"og:image\" content=\"https:\/\/turbofreshpty.com\/wp-content\/uploads\/2024\/07\/TurboFresh-FAVICON-02.png\" \/>\n\t<meta property=\"og:image:width\" content=\"300\" \/>\n\t<meta property=\"og:image:height\" content=\"300\" \/>\n\t<meta property=\"og:image:type\" content=\"image\/png\" \/>\n<meta name=\"twitter:card\" content=\"summary_large_image\" \/>\n<meta name=\"twitter:label1\" content=\"Est. reading time\" \/>\n\t<meta name=\"twitter:data1\" content=\"2 minutes\" \/>\n<script type=\"application\/ld+json\" class=\"yoast-schema-graph\">{\"@context\":\"https:\\\/\\\/schema.org\",\"@graph\":[{\"@type\":\"WebPage\",\"@id\":\"https:\\\/\\\/turbofreshpty.com\\\/contacto\\\/\",\"url\":\"https:\\\/\\\/turbofreshpty.com\\\/contacto\\\/\",\"name\":\"Contacto - Turbofresh Panam\u00e1 y Centro Am\u00e9rica\",\"isPartOf\":{\"@id\":\"https:\\\/\\\/turbofreshpty.com\\\/#website\"},\"datePublished\":\"2021-08-25T09:00:10+00:00\",\"dateModified\":\"2024-09-05T04:15:47+00:00\",\"breadcrumb\":{\"@id\":\"https:\\\/\\\/turbofreshpty.com\\\/contacto\\\/#breadcrumb\"},\"inLanguage\":\"en-US\",\"potentialAction\":[{\"@type\":\"ReadAction\",\"target\":[\"https:\\\/\\\/turbofreshpty.com\\\/contacto\\\/\"]}]},{\"@type\":\"BreadcrumbList\",\"@id\":\"https:\\\/\\\/turbofreshpty.com\\\/contacto\\\/#breadcrumb\",\"itemListElement\":[{\"@type\":\"ListItem\",\"position\":1,\"name\":\"Home\",\"item\":\"https:\\\/\\\/turbofreshpty.com\\\/\"},{\"@type\":\"ListItem\",\"position\":2,\"name\":\"Contacto\"}]},{\"@type\":\"WebSite\",\"@id\":\"https:\\\/\\\/turbofreshpty.com\\\/#website\",\"url\":\"https:\\\/\\\/turbofreshpty.com\\\/\",\"name\":\"Turbofresh - Panam\u00e1 y Centro Am\u00e9rica\",\"description\":\"\",\"publisher\":{\"@id\":\"https:\\\/\\\/turbofreshpty.com\\\/#organization\"},\"potentialAction\":[{\"@type\":\"SearchAction\",\"target\":{\"@type\":\"EntryPoint\",\"urlTemplate\":\"https:\\\/\\\/turbofreshpty.com\\\/?s={search_term_string}\"},\"query-input\":{\"@type\":\"PropertyValueSpecification\",\"valueRequired\":true,\"valueName\":\"search_term_string\"}}],\"inLanguage\":\"en-US\"},{\"@type\":\"Organization\",\"@id\":\"https:\\\/\\\/turbofreshpty.com\\\/#organization\",\"name\":\"Turbofresh\",\"url\":\"https:\\\/\\\/turbofreshpty.com\\\/\",\"logo\":{\"@type\":\"ImageObject\",\"inLanguage\":\"en-US\",\"@id\":\"https:\\\/\\\/turbofreshpty.com\\\/#\\\/schema\\\/logo\\\/image\\\/\",\"url\":\"https:\\\/\\\/turbofreshpty.com\\\/wp-content\\\/uploads\\\/2024\\\/08\\\/turbofreshlogo.webp\",\"contentUrl\":\"https:\\\/\\\/turbofreshpty.com\\\/wp-content\\\/uploads\\\/2024\\\/08\\\/turbofreshlogo.webp\",\"width\":470,\"height\":110,\"caption\":\"Turbofresh\"},\"image\":{\"@id\":\"https:\\\/\\\/turbofreshpty.com\\\/#\\\/schema\\\/logo\\\/image\\\/\"},\"sameAs\":[\"https:\\\/\\\/www.facebook.com\\\/people\\\/TurboFresh-Latam\\\/pfbid0ajaDMQgnm7ud7M1HECvSm67SoYW1HvhB8BVRgvFzrVgyr7mDC36xgXYRfCRwRE5tl\\\/?ref=xav_ig_profile_web\",\"https:\\\/\\\/www.instagram.com\\\/turbofreshlatam\\\/?hl=es\"]}]}<\/script>\n<!-- \/ Yoast SEO Premium plugin. -->","yoast_head_json":{"title":"Contacto - Turbofresh Panam\u00e1 y Centro Am\u00e9rica","robots":{"index":"index","follow":"follow","max-snippet":"max-snippet:-1","max-image-preview":"max-image-preview:large","max-video-preview":"max-video-preview:-1"},"canonical":"https:\/\/turbofreshpty.com\/en\/contacto\/","og_locale":"en_US","og_type":"article","og_title":"Contacto","og_url":"https:\/\/turbofreshpty.com\/en\/contacto\/","og_site_name":"Turbofresh Panam\u00e1 y Centro Am\u00e9rica","article_publisher":"https:\/\/www.facebook.com\/people\/TurboFresh-Latam\/pfbid0ajaDMQgnm7ud7M1HECvSm67SoYW1HvhB8BVRgvFzrVgyr7mDC36xgXYRfCRwRE5tl\/?ref=xav_ig_profile_web","article_modified_time":"2024-09-05T04:15:47+00:00","og_image":[{"width":300,"height":300,"url":"https:\/\/turbofreshpty.com\/wp-content\/uploads\/2024\/07\/TurboFresh-FAVICON-02.png","type":"image\/png"}],"twitter_card":"summary_large_image","twitter_misc":{"Est. reading time":"2 minutes"},"schema":{"@context":"https:\/\/schema.org","@graph":[{"@type":"WebPage","@id":"https:\/\/turbofreshpty.com\/contacto\/","url":"https:\/\/turbofreshpty.com\/contacto\/","name":"Contacto - Turbofresh Panam\u00e1 y Centro Am\u00e9rica","isPartOf":{"@id":"https:\/\/turbofreshpty.com\/#website"},"datePublished":"2021-08-25T09:00:10+00:00","dateModified":"2024-09-05T04:15:47+00:00","breadcrumb":{"@id":"https:\/\/turbofreshpty.com\/contacto\/#breadcrumb"},"inLanguage":"en-US","potentialAction":[{"@type":"ReadAction","target":["https:\/\/turbofreshpty.com\/contacto\/"]}]},{"@type":"BreadcrumbList","@id":"https:\/\/turbofreshpty.com\/contacto\/#breadcrumb","itemListElement":[{"@type":"ListItem","position":1,"name":"Home","item":"https:\/\/turbofreshpty.com\/"},{"@type":"ListItem","position":2,"name":"Contacto"}]},{"@type":"WebSite","@id":"https:\/\/turbofreshpty.com\/#website","url":"https:\/\/turbofreshpty.com\/","name":"Turbofresh - Panam\u00e1 y Centro Am\u00e9rica","description":"","publisher":{"@id":"https:\/\/turbofreshpty.com\/#organization"},"potentialAction":[{"@type":"SearchAction","target":{"@type":"EntryPoint","urlTemplate":"https:\/\/turbofreshpty.com\/?s={search_term_string}"},"query-input":{"@type":"PropertyValueSpecification","valueRequired":true,"valueName":"search_term_string"}}],"inLanguage":"en-US"},{"@type":"Organization","@id":"https:\/\/turbofreshpty.com\/#organization","name":"Turbofresh","url":"https:\/\/turbofreshpty.com\/","logo":{"@type":"ImageObject","inLanguage":"en-US","@id":"https:\/\/turbofreshpty.com\/#\/schema\/logo\/image\/","url":"https:\/\/turbofreshpty.com\/wp-content\/uploads\/2024\/08\/turbofreshlogo.webp","contentUrl":"https:\/\/turbofreshpty.com\/wp-content\/uploads\/2024\/08\/turbofreshlogo.webp","width":470,"height":110,"caption":"Turbofresh"},"image":{"@id":"https:\/\/turbofreshpty.com\/#\/schema\/logo\/image\/"},"sameAs":["https:\/\/www.facebook.com\/people\/TurboFresh-Latam\/pfbid0ajaDMQgnm7ud7M1HECvSm67SoYW1HvhB8BVRgvFzrVgyr7mDC36xgXYRfCRwRE5tl\/?ref=xav_ig_profile_web","https:\/\/www.instagram.com\/turbofreshlatam\/?hl=es"]}]}},"_links":{"self":[{"href":"https:\/\/turbofreshpty.com\/en\/wp-json\/wp\/v2\/pages\/5288","targetHints":{"allow":["GET"]}}],"collection":[{"href":"https:\/\/turbofreshpty.com\/en\/wp-json\/wp\/v2\/pages"}],"about":[{"href":"https:\/\/turbofreshpty.com\/en\/wp-json\/wp\/v2\/types\/page"}],"author":[{"embeddable":true,"href":"https:\/\/turbofreshpty.com\/en\/wp-json\/wp\/v2\/users\/1"}],"replies":[{"embeddable":true,"href":"https:\/\/turbofreshpty.com\/en\/wp-json\/wp\/v2\/comments?post=5288"}],"version-history":[{"count":6,"href":"https:\/\/turbofreshpty.com\/en\/wp-json\/wp\/v2\/pages\/5288\/revisions"}],"predecessor-version":[{"id":10133,"href":"https:\/\/turbofreshpty.com\/en\/wp-json\/wp\/v2\/pages\/5288\/revisions\/10133"}],"wp:attachment":[{"href":"https:\/\/turbofreshpty.com\/en\/wp-json\/wp\/v2\/media?parent=5288"}],"curies":[{"name":"wp","href":"https:\/\/api.w.org\/{rel}","templated":true}]}}