{"id":10246,"date":"2024-11-01T16:14:07","date_gmt":"2024-11-01T16:14:07","guid":{"rendered":"https:\/\/turbofreshpty.com\/?page_id=10246"},"modified":"2024-11-01T18:48:35","modified_gmt":"2024-11-01T18:48:35","slug":"proyectos","status":"publish","type":"page","link":"https:\/\/turbofreshpty.com\/en\/proyectos\/","title":{"rendered":"Projects"},"content":{"rendered":"<div class=\"wpb-content-wrapper\"><div class=\"vc_row wpb_row vc_row-fluid vc_custom_1730485996614 vc_row-has-fill wd-rs-67251ebeba08a wd-section-stretch-content\"><div class=\"wpb_column vc_column_container vc_col-sm-12 vc_col-md-12 vc_col-xs-12 wd-enabled-flex text-left wd-rs-66d8ff8ea89df\"><div class=\"vc_column-inner vc_custom_1725497255559\"><div class=\"wpb_wrapper\">\n\t\t<div id=\"wd-672500066d909\" class=\"title-wrapper wd-wpb wd-set-mb reset-last-child  wd-rs-672500066d909 wd-title-color-white wd-title-style-default text-left vc_custom_1730478062435 wd-underline-colored\">\n\t\t\t\n\t\t\t<div class=\"liner-continer\">\n\t\t\t\t<h4 class=\"woodmart-title-container title  wd-font-weight-600 wd-fontsize-xxl\" >Projects<\/h4>\n\t\t\t\t\t\t\t<\/div>\n\t\t\t\n\t\t\t\n\t\t\t\n\t\t<\/div>\n\t\t\n\t\t\t\t<div id=\"wd-6725009e161ad\" class=\"wd-text-block wd-wpb reset-last-child wd-rs-6725009e161ad text-left wd-fontsize-m vc_custom_1730478215907\">\n\t\t\t<p><span style=\"font-weight: 400;\">At TurboFresh, we design and execute customized ventilation projects for each client. From large-scale HVLS systems to tailored solutions for sports and commercial facilities, we have the expertise and the necessary team to optimize comfort and efficiency in any space.<\/span><\/p>\n<p><span style=\"font-weight: 400;\">Do you need to ventilate a factory, gym, educational institution, or a store?<\/span><\/p>\n\t\t<\/div>\n\t\t<div id=\"wd-67251f3988ba7\" class=\"wd-rs-67251f3988ba7  wd-button-wrapper text-right\"><a href=\"https:\/\/turbofreshpty.com\/en\/contacto\/\" title=\"Contact\" class=\"btn btn-style-default btn-shape-round btn-size-large\">Get a quote with us.<\/a><\/div><\/div><\/div><\/div><\/div><div id=\"blog-proyectos\" class=\"vc_row wpb_row vc_row-fluid vc_custom_1730486439857 row-reverse-mobile wd-rs-672520c6d54af wd-section-stretch-content\"><div class=\"wpb_column vc_column_container vc_col-sm-3\"><div class=\"vc_column-inner\"><div class=\"wpb_wrapper\">\t\t<div class=\"wd-wpb wd-rs-6725157f87330\">\n\t\t\t<div id=\"tag_cloud-4\" class=\"wd-widget widget sidebar-widget widget_tag_cloud\"><h5 class=\"widget-title\">Countries<\/h5><div class=\"tagcloud\"><a href=\"https:\/\/turbofreshpty.com\/en\/tag\/panama\/\" class=\"tag-cloud-link tag-link-126 tag-link-position-1\" style=\"font-size: 8pt;\" aria-label=\"Panam\u00e1 (3 items)\">Panama<\/a><\/div>\n<\/div><div id=\"categories-1\" class=\"wd-widget widget sidebar-widget widget_categories\"><h5 class=\"widget-title\">Categories<\/h5>\n\t\t\t<ul>\n\t\t\t\t\t<li class=\"cat-item cat-item-123\"><a href=\"https:\/\/turbofreshpty.com\/en\/category\/hlvs\/\">HLVS<\/a>\n<\/li>\n\t<li class=\"cat-item cat-item-125\"><a href=\"https:\/\/turbofreshpty.com\/en\/category\/sistemas-de-atomizacion\/\">Atomization systems<\/a>\n<\/li>\n\t<li class=\"cat-item cat-item-124\"><a href=\"https:\/\/turbofreshpty.com\/en\/category\/ventilacion-deportiva\/\">Sports ventilation<\/a>\n<\/li>\n\t\t\t<\/ul>\n\n\t\t\t<\/div><div id=\"woodmart-recent-posts-16\" class=\"wd-widget widget sidebar-widget woodmart-recent-posts\"><h5 class=\"widget-title\">Recent Projects<\/h5>\t\t\t\t\t<ul class=\"woodmart-recent-posts-list\">\n\t\t\t\t\t\t\t\t\t<li>\n\t\t\t\t\t\t\t\t\t\t\t\t\n\t\t\t\t\t\t<div class=\"recent-posts-info\">\n\t\t\t\t\t\t\t\t\t\t\t\t\t\t<div class=\"wd-entities-title title\"><a href=\"https:\/\/turbofreshpty.com\/en\/panama-trading-company-hvls-project\/\" title=\"Permalink to Panam\u00e1 Trading Company &#8211; HVLS Project\" rel=\"bookmark\">Panam\u00e1 Trading Company &#8211; HVLS Project<\/a><\/div>\n\n\t\t\t\t\t\t\t\n\t\t\t\t\t\t\t\t\t\t\t\t\t<\/div>\n\t\t\t\t\t<\/li>\n\n\t\t\t\t\t\t\t\t\t<li>\n\t\t\t\t\t\t\t\t\t\t\t\t\n\t\t\t\t\t\t<div class=\"recent-posts-info\">\n\t\t\t\t\t\t\t\t\t\t\t\t\t\t<div class=\"wd-entities-title title\"><a href=\"https:\/\/turbofreshpty.com\/en\/domestic-misting-system-punta-caelo-panama\/\" title=\"Permalink to Domestic Misting System Punta Caelo Panam\u00e1\" rel=\"bookmark\">Domestic Misting System Punta Caelo Panam\u00e1<\/a><\/div>\n\n\t\t\t\t\t\t\t\n\t\t\t\t\t\t\t\t\t\t\t\t\t<\/div>\n\t\t\t\t\t<\/li>\n\n\t\t\t\t\t\t\t\t\t<li>\n\t\t\t\t\t\t\t\t\t\t\t\t\n\t\t\t\t\t\t<div class=\"recent-posts-info\">\n\t\t\t\t\t\t\t\t\t\t\t\t\t\t<div class=\"wd-entities-title title\"><a href=\"https:\/\/turbofreshpty.com\/en\/copa-airlines-arena\/\" title=\"Permalink to Copa Airlines Arena\" rel=\"bookmark\">Copa Airlines Arena<\/a><\/div>\n\n\t\t\t\t\t\t\t\n\t\t\t\t\t\t\t\t\t\t\t\t\t<\/div>\n\t\t\t\t\t<\/li>\n\n\t\t\t\t \n\n\t\t\t<\/ul>\n\t\t\n\t\t<\/div>\t\t<\/div>\n\t\t<\/div><\/div><\/div><div class=\"wpb_column vc_column_container vc_col-sm-9\"><div class=\"vc_column-inner\"><div class=\"wpb_wrapper\"><div id=\"69f46901b0eb0\" class=\"wd-blog-element wd-rs-672514f97980d wd-wpb\"><div class=\"wd-posts wd-blog-holder wd-grid-g\" data-paged=\"1\" data-atts=\"{&quot;carousel_id&quot;:&quot;5000&quot;,&quot;speed&quot;:&quot;5000&quot;,&quot;slides_per_view&quot;:&quot;3&quot;,&quot;slides_per_view_tablet&quot;:&quot;auto&quot;,&quot;slides_per_view_mobile&quot;:&quot;auto&quot;,&quot;wrap&quot;:&quot;&quot;,&quot;loop&quot;:false,&quot;autoplay&quot;:&quot;no&quot;,&quot;autoheight&quot;:&quot;no&quot;,&quot;hide_pagination_control&quot;:&quot;&quot;,&quot;hide_pagination_control_tablet&quot;:&quot;yes&quot;,&quot;hide_pagination_control_mobile&quot;:&quot;yes&quot;,&quot;dynamic_pagination_control&quot;:&quot;no&quot;,&quot;hide_prev_next_buttons&quot;:&quot;&quot;,&quot;hide_prev_next_buttons_tablet&quot;:&quot;&quot;,&quot;hide_prev_next_buttons_mobile&quot;:&quot;&quot;,&quot;carousel_arrows_position&quot;:&quot;&quot;,&quot;hide_scrollbar&quot;:&quot;yes&quot;,&quot;hide_scrollbar_tablet&quot;:&quot;yes&quot;,&quot;hide_scrollbar_mobile&quot;:&quot;yes&quot;,&quot;scroll_per_page&quot;:&quot;yes&quot;,&quot;dragEndSpeed&quot;:200,&quot;center_mode&quot;:&quot;no&quot;,&quot;custom_sizes&quot;:&quot;&quot;,&quot;sliding_speed&quot;:false,&quot;animation&quot;:false,&quot;content_animation&quot;:false,&quot;post_type&quot;:&quot;post&quot;,&quot;slider&quot;:&quot;&quot;,&quot;library&quot;:&quot;&quot;,&quot;css&quot;:&quot;&quot;,&quot;effect&quot;:&quot;&quot;,&quot;spacing&quot;:&quot;&quot;,&quot;spacing_tablet&quot;:&quot;&quot;,&quot;spacing_mobile&quot;:&quot;&quot;,&quot;carousel_sync&quot;:&quot;&quot;,&quot;sync_parent_id&quot;:&quot;&quot;,&quot;sync_child_id&quot;:&quot;&quot;,&quot;scroll_carousel_init&quot;:&quot;no&quot;,&quot;disable_overflow_carousel&quot;:&quot;no&quot;,&quot;include&quot;:&quot;&quot;,&quot;custom_query&quot;:&quot;&quot;,&quot;taxonomies&quot;:&quot;&quot;,&quot;pagination&quot;:&quot;&quot;,&quot;parts_media&quot;:true,&quot;parts_title&quot;:&quot;1&quot;,&quot;parts_meta&quot;:&quot;0&quot;,&quot;parts_text&quot;:&quot;1&quot;,&quot;parts_btn&quot;:&quot;1&quot;,&quot;parts_published_date&quot;:true,&quot;items_per_page&quot;:12,&quot;offset&quot;:&quot;&quot;,&quot;orderby&quot;:&quot;date&quot;,&quot;order&quot;:&quot;DESC&quot;,&quot;meta_key&quot;:&quot;&quot;,&quot;exclude&quot;:&quot;&quot;,&quot;class&quot;:&quot;&quot;,&quot;ajax_page&quot;:&quot;&quot;,&quot;img_size&quot;:&quot;small&quot;,&quot;img_size_custom&quot;:[],&quot;blog_design&quot;:&quot;small-images&quot;,&quot;blog_masonry&quot;:false,&quot;blog_carousel_design&quot;:&quot;masonry&quot;,&quot;blog_columns&quot;:3,&quot;blog_columns_tablet&quot;:&quot;auto&quot;,&quot;blog_columns_mobile&quot;:&quot;auto&quot;,&quot;blog_spacing&quot;:&quot;&quot;,&quot;blog_spacing_tablet&quot;:&quot;&quot;,&quot;blog_spacing_mobile&quot;:&quot;&quot;,&quot;lazy_loading&quot;:&quot;no&quot;,&quot;search&quot;:&quot;&quot;,&quot;woodmart_css_id&quot;:&quot;672514f97980d&quot;,&quot;element_title&quot;:&quot;&quot;,&quot;element_title_tag&quot;:&quot;h3&quot;,&quot;inner_content&quot;:&quot;&quot;,&quot;el_id&quot;:&quot;&quot;,&quot;el_class&quot;:&quot;&quot;,&quot;wrapper_classes&quot;:&quot;&quot;}\" data-source=\"shortcode\">\n<article id=\"post-10303\" class=\"wd-post blog-design-small-images blog-post-loop blog-style-flat wd-col post-10303 post type-post status-publish format-standard has-post-thumbnail hentry category-hlvs tag-panama\">\n\t<div class=\"wd-post-inner article-inner\">\n\t\t\t\t\t<div class=\"wd-post-thumb entry-header\">\n\t\t\t\t\t\t\t\t\t<div class=\"wd-post-img post-img-wrapp\">\n\t\t\t\t\t\t<img loading=\"lazy\" decoding=\"async\" width=\"2560\" height=\"1920\" src=\"https:\/\/turbofreshpty.com\/wp-content\/uploads\/2024\/11\/IMG_20190322_163833-1-scaled.jpg\" class=\"attachment-small size-small\" alt=\"\" srcset=\"https:\/\/turbofreshpty.com\/wp-content\/uploads\/2024\/11\/IMG_20190322_163833-1-scaled.jpg 2560w, https:\/\/turbofreshpty.com\/wp-content\/uploads\/2024\/11\/IMG_20190322_163833-1-400x300.jpg 400w, https:\/\/turbofreshpty.com\/wp-content\/uploads\/2024\/11\/IMG_20190322_163833-1-1067x800.jpg 1067w, https:\/\/turbofreshpty.com\/wp-content\/uploads\/2024\/11\/IMG_20190322_163833-1-768x576.jpg 768w, https:\/\/turbofreshpty.com\/wp-content\/uploads\/2024\/11\/IMG_20190322_163833-1-1536x1152.jpg 1536w, https:\/\/turbofreshpty.com\/wp-content\/uploads\/2024\/11\/IMG_20190322_163833-1-2048x1536.jpg 2048w, https:\/\/turbofreshpty.com\/wp-content\/uploads\/2024\/11\/IMG_20190322_163833-1-16x12.jpg 16w, https:\/\/turbofreshpty.com\/wp-content\/uploads\/2024\/11\/IMG_20190322_163833-1-430x323.jpg 430w, https:\/\/turbofreshpty.com\/wp-content\/uploads\/2024\/11\/IMG_20190322_163833-1-700x525.jpg 700w, https:\/\/turbofreshpty.com\/wp-content\/uploads\/2024\/11\/IMG_20190322_163833-1-150x113.jpg 150w\" sizes=\"auto, (max-width: 2560px) 100vw, 2560px\" \/>\t\t\t\t\t<\/div>\n\t\t\t\t\t\t\t\t\t\t<a class=\"wd-fill\" tabindex=\"-1\" href=\"https:\/\/turbofreshpty.com\/en\/panama-trading-company-hvls-project\/\" aria-label=\"Link on post Panam\u00e1 Trading Company &#8211; HVLS Project\"><\/a>\n\t\t\t\t\n\t\t\t\t\t\t\t\t\t\t\t\t<div class=\"wd-post-date wd-style-with-bg\">\n\t\t\t\t<span class=\"post-date-day\">\n\t\t\t\t\t08\t\t\t\t<\/span>\n\t\t\t\t<span class=\"post-date-month\">\n\t\t\t\t\tNov\t\t\t\t<\/span>\n\t\t\t<\/div>\n\t\t\t\t\t\t\t\t\t<\/div>\n\t\t\n\t\t<div class=\"wd-post-content article-body-container\">\n\t\t\t\n\t\t\t\t\t\t\t<h3 class=\"wd-post-title wd-entities-title title post-title\">\n\t\t\t\t\t<a href=\"https:\/\/turbofreshpty.com\/en\/panama-trading-company-hvls-project\/\" rel=\"bookmark\">Panam\u00e1 Trading Company &#8211; HVLS Project<\/a>\n\t\t\t\t<\/h3>\n\t\t\t\n\t\t\t\n\t\t\t\t\t\t\t\t\t\t\t\t<div class=\"wd-post-excerpt entry-content\">\n\t\t\t\t\t\tOur team designed and implemented ventilation systems for the stands of the Sports Center complex in Costa del Este, Panama. This ensures a fresh and comfortable environment for fans at every event.\t\t\t\t\t<\/div>\n\t\t\t\t\n\t\t\t\t\t\t\t\t\t\t\t\t\t\t<div class=\"wd-post-read-more wd-style-link read-more-section\">\n\t\t\t\t\t\t<a class=\"\" href=\"https:\/\/turbofreshpty.com\/en\/panama-trading-company-hvls-project\/\">Continue reading<\/a>\t\t\t\t\t<\/div>\n\t\t\t\t\t\t\t\t\t\t\t\t\t<\/div>\n\t<\/div>\n<\/article>\n\n\n<article id=\"post-10271\" class=\"wd-post blog-design-small-images blog-post-loop blog-style-flat wd-col post-10271 post type-post status-publish format-standard has-post-thumbnail hentry category-sistemas-de-atomizacion tag-panama\">\n\t<div class=\"wd-post-inner article-inner\">\n\t\t\t\t\t<div class=\"wd-post-thumb entry-header\">\n\t\t\t\t\t\t\t\t\t<div class=\"wd-post-img post-img-wrapp\">\n\t\t\t\t\t\t<img loading=\"lazy\" decoding=\"async\" width=\"742\" height=\"630\" src=\"https:\/\/turbofreshpty.com\/wp-content\/uploads\/2024\/11\/Foto-01-Principal.png\" class=\"attachment-small size-small\" alt=\"\" srcset=\"https:\/\/turbofreshpty.com\/wp-content\/uploads\/2024\/11\/Foto-01-Principal.png 742w, https:\/\/turbofreshpty.com\/wp-content\/uploads\/2024\/11\/Foto-01-Principal-353x300.png 353w, https:\/\/turbofreshpty.com\/wp-content\/uploads\/2024\/11\/Foto-01-Principal-14x12.png 14w, https:\/\/turbofreshpty.com\/wp-content\/uploads\/2024\/11\/Foto-01-Principal-430x365.png 430w, https:\/\/turbofreshpty.com\/wp-content\/uploads\/2024\/11\/Foto-01-Principal-700x594.png 700w, https:\/\/turbofreshpty.com\/wp-content\/uploads\/2024\/11\/Foto-01-Principal-150x127.png 150w\" sizes=\"auto, (max-width: 742px) 100vw, 742px\" \/>\t\t\t\t\t<\/div>\n\t\t\t\t\t\t\t\t\t\t<a class=\"wd-fill\" tabindex=\"-1\" href=\"https:\/\/turbofreshpty.com\/en\/domestic-misting-system-punta-caelo-panama\/\" aria-label=\"Link on post Domestic Misting System Punta Caelo Panam\u00e1\"><\/a>\n\t\t\t\t\n\t\t\t\t\t\t\t\t\t\t\t\t<div class=\"wd-post-date wd-style-with-bg\">\n\t\t\t\t<span class=\"post-date-day\">\n\t\t\t\t\t01\t\t\t\t<\/span>\n\t\t\t\t<span class=\"post-date-month\">\n\t\t\t\t\tNov\t\t\t\t<\/span>\n\t\t\t<\/div>\n\t\t\t\t\t\t\t\t\t<\/div>\n\t\t\n\t\t<div class=\"wd-post-content article-body-container\">\n\t\t\t\n\t\t\t\t\t\t\t<h3 class=\"wd-post-title wd-entities-title title post-title\">\n\t\t\t\t\t<a href=\"https:\/\/turbofreshpty.com\/en\/domestic-misting-system-punta-caelo-panama\/\" rel=\"bookmark\">Domestic Misting System Punta Caelo Panam\u00e1<\/a>\n\t\t\t\t<\/h3>\n\t\t\t\n\t\t\t\n\t\t\t\t\t\t\t\t\t\t\t\t<div class=\"wd-post-excerpt entry-content\">\n\t\t\t\t\t\tWe transform your home into an oasis of freshness. This misting system installed in Punta Caelo guarantees the enjoyment of a fresh and pleasant microclimate. Perfect for combating heat and creating a relaxing outdoor environment.\t\t\t\t\t<\/div>\n\t\t\t\t\n\t\t\t\t\t\t\t\t\t\t\t\t\t\t<div class=\"wd-post-read-more wd-style-link read-more-section\">\n\t\t\t\t\t\t<a class=\"\" href=\"https:\/\/turbofreshpty.com\/en\/domestic-misting-system-punta-caelo-panama\/\">Continue reading<\/a>\t\t\t\t\t<\/div>\n\t\t\t\t\t\t\t\t\t\t\t\t\t<\/div>\n\t<\/div>\n<\/article>\n\n\n<article id=\"post-10254\" class=\"wd-post blog-design-small-images blog-post-loop blog-style-flat wd-col post-10254 post type-post status-publish format-standard has-post-thumbnail hentry category-ventilacion-deportiva tag-panama\">\n\t<div class=\"wd-post-inner article-inner\">\n\t\t\t\t\t<div class=\"wd-post-thumb entry-header\">\n\t\t\t\t\t\t\t\t\t<div class=\"wd-post-img post-img-wrapp\">\n\t\t\t\t\t\t<img loading=\"lazy\" decoding=\"async\" width=\"742\" height=\"630\" src=\"https:\/\/turbofreshpty.com\/wp-content\/uploads\/2024\/11\/Foto-01-Principal.jpg\" class=\"attachment-small size-small\" alt=\"\" srcset=\"https:\/\/turbofreshpty.com\/wp-content\/uploads\/2024\/11\/Foto-01-Principal.jpg 742w, https:\/\/turbofreshpty.com\/wp-content\/uploads\/2024\/11\/Foto-01-Principal-353x300.jpg 353w, https:\/\/turbofreshpty.com\/wp-content\/uploads\/2024\/11\/Foto-01-Principal-14x12.jpg 14w, https:\/\/turbofreshpty.com\/wp-content\/uploads\/2024\/11\/Foto-01-Principal-430x365.jpg 430w, https:\/\/turbofreshpty.com\/wp-content\/uploads\/2024\/11\/Foto-01-Principal-700x594.jpg 700w, https:\/\/turbofreshpty.com\/wp-content\/uploads\/2024\/11\/Foto-01-Principal-150x127.jpg 150w, https:\/\/turbofreshpty.com\/wp-content\/uploads\/2024\/11\/Foto-01-Principal-75x65.jpg 75w\" sizes=\"auto, (max-width: 742px) 100vw, 742px\" \/>\t\t\t\t\t<\/div>\n\t\t\t\t\t\t\t\t\t\t<a class=\"wd-fill\" tabindex=\"-1\" href=\"https:\/\/turbofreshpty.com\/en\/copa-airlines-arena\/\" aria-label=\"Link on post Copa Airlines Arena\"><\/a>\n\t\t\t\t\n\t\t\t\t\t\t\t\t\t\t\t\t<div class=\"wd-post-date wd-style-with-bg\">\n\t\t\t\t<span class=\"post-date-day\">\n\t\t\t\t\t01\t\t\t\t<\/span>\n\t\t\t\t<span class=\"post-date-month\">\n\t\t\t\t\tNov\t\t\t\t<\/span>\n\t\t\t<\/div>\n\t\t\t\t\t\t\t\t\t<\/div>\n\t\t\n\t\t<div class=\"wd-post-content article-body-container\">\n\t\t\t\n\t\t\t\t\t\t\t<h3 class=\"wd-post-title wd-entities-title title post-title\">\n\t\t\t\t\t<a href=\"https:\/\/turbofreshpty.com\/en\/copa-airlines-arena\/\" rel=\"bookmark\">Copa Airlines Arena<\/a>\n\t\t\t\t<\/h3>\n\t\t\t\n\t\t\t\n\t\t\t\t\t\t\t\t\t\t\t\t<div class=\"wd-post-excerpt entry-content\">\n\t\t\t\t\t\tOur team designed and implemented ventilation systems for the stands of the Sports Center complex in Costa del Este, Panama. This ensures a fresh and comfortable environment for fans at every event.\t\t\t\t\t<\/div>\n\t\t\t\t\n\t\t\t\t\t\t\t\t\t\t\t\t\t\t<div class=\"wd-post-read-more wd-style-link read-more-section\">\n\t\t\t\t\t\t<a class=\"\" href=\"https:\/\/turbofreshpty.com\/en\/copa-airlines-arena\/\">Continue reading<\/a>\t\t\t\t\t<\/div>\n\t\t\t\t\t\t\t\t\t\t\t\t\t<\/div>\n\t<\/div>\n<\/article>\n\n<\/div><\/div><\/div><\/div><\/div><\/div>\n<\/div>","protected":false},"excerpt":{"rendered":"Transformamos la experiencia deportiva en el Copa Airlines Arena. Nuestro equipo dise\u00f1\u00f3 e implement\u00f3 sistemas de ventilaci\u00f3n para las gradas","protected":false},"author":1,"featured_media":0,"parent":0,"menu_order":0,"comment_status":"closed","ping_status":"closed","template":"","meta":{"nf_dc_page":"","footnotes":""},"class_list":["post-10246","page","type-page","status-publish","hentry"],"yoast_head":"<!-- This site is optimized with the Yoast SEO Premium plugin v23.7 (Yoast SEO v27.5) - https:\/\/yoast.com\/product\/yoast-seo-premium-wordpress\/ -->\n<title>Proyectos - Turbofresh Panam\u00e1 y Centro Am\u00e9rica<\/title>\n<meta name=\"robots\" content=\"index, follow, max-snippet:-1, max-image-preview:large, max-video-preview:-1\" \/>\n<link rel=\"canonical\" href=\"https:\/\/turbofreshpty.com\/en\/proyectos\/\" \/>\n<meta property=\"og:locale\" content=\"en_US\" \/>\n<meta property=\"og:type\" content=\"article\" \/>\n<meta property=\"og:title\" content=\"Proyectos\" \/>\n<meta property=\"og:url\" content=\"https:\/\/turbofreshpty.com\/en\/proyectos\/\" \/>\n<meta property=\"og:site_name\" content=\"Turbofresh Panam\u00e1 y Centro Am\u00e9rica\" \/>\n<meta property=\"article:publisher\" content=\"https:\/\/www.facebook.com\/people\/TurboFresh-Latam\/pfbid0ajaDMQgnm7ud7M1HECvSm67SoYW1HvhB8BVRgvFzrVgyr7mDC36xgXYRfCRwRE5tl\/?ref=xav_ig_profile_web\" \/>\n<meta property=\"article:modified_time\" content=\"2024-11-01T18:48:35+00:00\" \/>\n<meta property=\"og:image\" content=\"https:\/\/turbofreshpty.com\/wp-content\/uploads\/2024\/07\/TurboFresh-FAVICON-02.png\" \/>\n\t<meta property=\"og:image:width\" content=\"300\" \/>\n\t<meta property=\"og:image:height\" content=\"300\" \/>\n\t<meta property=\"og:image:type\" content=\"image\/png\" \/>\n<meta name=\"twitter:card\" content=\"summary_large_image\" \/>\n<meta name=\"twitter:label1\" content=\"Est. reading time\" \/>\n\t<meta name=\"twitter:data1\" content=\"1 minute\" \/>\n<script type=\"application\/ld+json\" class=\"yoast-schema-graph\">{\"@context\":\"https:\\\/\\\/schema.org\",\"@graph\":[{\"@type\":\"WebPage\",\"@id\":\"https:\\\/\\\/turbofreshpty.com\\\/proyectos\\\/\",\"url\":\"https:\\\/\\\/turbofreshpty.com\\\/proyectos\\\/\",\"name\":\"Proyectos - Turbofresh Panam\u00e1 y Centro Am\u00e9rica\",\"isPartOf\":{\"@id\":\"https:\\\/\\\/turbofreshpty.com\\\/#website\"},\"datePublished\":\"2024-11-01T16:14:07+00:00\",\"dateModified\":\"2024-11-01T18:48:35+00:00\",\"breadcrumb\":{\"@id\":\"https:\\\/\\\/turbofreshpty.com\\\/proyectos\\\/#breadcrumb\"},\"inLanguage\":\"en-US\",\"potentialAction\":[{\"@type\":\"ReadAction\",\"target\":[\"https:\\\/\\\/turbofreshpty.com\\\/proyectos\\\/\"]}]},{\"@type\":\"BreadcrumbList\",\"@id\":\"https:\\\/\\\/turbofreshpty.com\\\/proyectos\\\/#breadcrumb\",\"itemListElement\":[{\"@type\":\"ListItem\",\"position\":1,\"name\":\"Home\",\"item\":\"https:\\\/\\\/turbofreshpty.com\\\/\"},{\"@type\":\"ListItem\",\"position\":2,\"name\":\"Proyectos\"}]},{\"@type\":\"WebSite\",\"@id\":\"https:\\\/\\\/turbofreshpty.com\\\/#website\",\"url\":\"https:\\\/\\\/turbofreshpty.com\\\/\",\"name\":\"Turbofresh - Panam\u00e1 y Centro Am\u00e9rica\",\"description\":\"\",\"publisher\":{\"@id\":\"https:\\\/\\\/turbofreshpty.com\\\/#organization\"},\"potentialAction\":[{\"@type\":\"SearchAction\",\"target\":{\"@type\":\"EntryPoint\",\"urlTemplate\":\"https:\\\/\\\/turbofreshpty.com\\\/?s={search_term_string}\"},\"query-input\":{\"@type\":\"PropertyValueSpecification\",\"valueRequired\":true,\"valueName\":\"search_term_string\"}}],\"inLanguage\":\"en-US\"},{\"@type\":\"Organization\",\"@id\":\"https:\\\/\\\/turbofreshpty.com\\\/#organization\",\"name\":\"Turbofresh\",\"url\":\"https:\\\/\\\/turbofreshpty.com\\\/\",\"logo\":{\"@type\":\"ImageObject\",\"inLanguage\":\"en-US\",\"@id\":\"https:\\\/\\\/turbofreshpty.com\\\/#\\\/schema\\\/logo\\\/image\\\/\",\"url\":\"https:\\\/\\\/turbofreshpty.com\\\/wp-content\\\/uploads\\\/2024\\\/08\\\/turbofreshlogo.webp\",\"contentUrl\":\"https:\\\/\\\/turbofreshpty.com\\\/wp-content\\\/uploads\\\/2024\\\/08\\\/turbofreshlogo.webp\",\"width\":470,\"height\":110,\"caption\":\"Turbofresh\"},\"image\":{\"@id\":\"https:\\\/\\\/turbofreshpty.com\\\/#\\\/schema\\\/logo\\\/image\\\/\"},\"sameAs\":[\"https:\\\/\\\/www.facebook.com\\\/people\\\/TurboFresh-Latam\\\/pfbid0ajaDMQgnm7ud7M1HECvSm67SoYW1HvhB8BVRgvFzrVgyr7mDC36xgXYRfCRwRE5tl\\\/?ref=xav_ig_profile_web\",\"https:\\\/\\\/www.instagram.com\\\/turbofreshlatam\\\/?hl=es\"]}]}<\/script>\n<!-- \/ Yoast SEO Premium plugin. -->","yoast_head_json":{"title":"Proyectos - Turbofresh Panam\u00e1 y Centro Am\u00e9rica","robots":{"index":"index","follow":"follow","max-snippet":"max-snippet:-1","max-image-preview":"max-image-preview:large","max-video-preview":"max-video-preview:-1"},"canonical":"https:\/\/turbofreshpty.com\/en\/proyectos\/","og_locale":"en_US","og_type":"article","og_title":"Proyectos","og_url":"https:\/\/turbofreshpty.com\/en\/proyectos\/","og_site_name":"Turbofresh Panam\u00e1 y Centro Am\u00e9rica","article_publisher":"https:\/\/www.facebook.com\/people\/TurboFresh-Latam\/pfbid0ajaDMQgnm7ud7M1HECvSm67SoYW1HvhB8BVRgvFzrVgyr7mDC36xgXYRfCRwRE5tl\/?ref=xav_ig_profile_web","article_modified_time":"2024-11-01T18:48:35+00:00","og_image":[{"width":300,"height":300,"url":"https:\/\/turbofreshpty.com\/wp-content\/uploads\/2024\/07\/TurboFresh-FAVICON-02.png","type":"image\/png"}],"twitter_card":"summary_large_image","twitter_misc":{"Est. reading time":"1 minute"},"schema":{"@context":"https:\/\/schema.org","@graph":[{"@type":"WebPage","@id":"https:\/\/turbofreshpty.com\/proyectos\/","url":"https:\/\/turbofreshpty.com\/proyectos\/","name":"Proyectos - Turbofresh Panam\u00e1 y Centro Am\u00e9rica","isPartOf":{"@id":"https:\/\/turbofreshpty.com\/#website"},"datePublished":"2024-11-01T16:14:07+00:00","dateModified":"2024-11-01T18:48:35+00:00","breadcrumb":{"@id":"https:\/\/turbofreshpty.com\/proyectos\/#breadcrumb"},"inLanguage":"en-US","potentialAction":[{"@type":"ReadAction","target":["https:\/\/turbofreshpty.com\/proyectos\/"]}]},{"@type":"BreadcrumbList","@id":"https:\/\/turbofreshpty.com\/proyectos\/#breadcrumb","itemListElement":[{"@type":"ListItem","position":1,"name":"Home","item":"https:\/\/turbofreshpty.com\/"},{"@type":"ListItem","position":2,"name":"Proyectos"}]},{"@type":"WebSite","@id":"https:\/\/turbofreshpty.com\/#website","url":"https:\/\/turbofreshpty.com\/","name":"Turbofresh - Panam\u00e1 y Centro Am\u00e9rica","description":"","publisher":{"@id":"https:\/\/turbofreshpty.com\/#organization"},"potentialAction":[{"@type":"SearchAction","target":{"@type":"EntryPoint","urlTemplate":"https:\/\/turbofreshpty.com\/?s={search_term_string}"},"query-input":{"@type":"PropertyValueSpecification","valueRequired":true,"valueName":"search_term_string"}}],"inLanguage":"en-US"},{"@type":"Organization","@id":"https:\/\/turbofreshpty.com\/#organization","name":"Turbofresh","url":"https:\/\/turbofreshpty.com\/","logo":{"@type":"ImageObject","inLanguage":"en-US","@id":"https:\/\/turbofreshpty.com\/#\/schema\/logo\/image\/","url":"https:\/\/turbofreshpty.com\/wp-content\/uploads\/2024\/08\/turbofreshlogo.webp","contentUrl":"https:\/\/turbofreshpty.com\/wp-content\/uploads\/2024\/08\/turbofreshlogo.webp","width":470,"height":110,"caption":"Turbofresh"},"image":{"@id":"https:\/\/turbofreshpty.com\/#\/schema\/logo\/image\/"},"sameAs":["https:\/\/www.facebook.com\/people\/TurboFresh-Latam\/pfbid0ajaDMQgnm7ud7M1HECvSm67SoYW1HvhB8BVRgvFzrVgyr7mDC36xgXYRfCRwRE5tl\/?ref=xav_ig_profile_web","https:\/\/www.instagram.com\/turbofreshlatam\/?hl=es"]}]}},"_links":{"self":[{"href":"https:\/\/turbofreshpty.com\/en\/wp-json\/wp\/v2\/pages\/10246","targetHints":{"allow":["GET"]}}],"collection":[{"href":"https:\/\/turbofreshpty.com\/en\/wp-json\/wp\/v2\/pages"}],"about":[{"href":"https:\/\/turbofreshpty.com\/en\/wp-json\/wp\/v2\/types\/page"}],"author":[{"embeddable":true,"href":"https:\/\/turbofreshpty.com\/en\/wp-json\/wp\/v2\/users\/1"}],"replies":[{"embeddable":true,"href":"https:\/\/turbofreshpty.com\/en\/wp-json\/wp\/v2\/comments?post=10246"}],"version-history":[{"count":6,"href":"https:\/\/turbofreshpty.com\/en\/wp-json\/wp\/v2\/pages\/10246\/revisions"}],"predecessor-version":[{"id":10301,"href":"https:\/\/turbofreshpty.com\/en\/wp-json\/wp\/v2\/pages\/10246\/revisions\/10301"}],"wp:attachment":[{"href":"https:\/\/turbofreshpty.com\/en\/wp-json\/wp\/v2\/media?parent=10246"}],"curies":[{"name":"wp","href":"https:\/\/api.w.org\/{rel}","templated":true}]}}