{"id":10051,"date":"2024-09-05T00:23:37","date_gmt":"2024-09-05T00:23:37","guid":{"rendered":"https:\/\/turbofreshpty.com\/?page_id=10051"},"modified":"2026-01-16T20:18:08","modified_gmt":"2026-01-16T20:18:08","slug":"alquiler","status":"publish","type":"page","link":"https:\/\/turbofreshpty.com\/en\/alquiler\/","title":{"rendered":"Rent"},"content":{"rendered":"<div class=\"wpb-content-wrapper\"><div class=\"vc_row wpb_row vc_row-fluid vc_custom_1730477983551 vc_row-has-fill wd-rs-6724ffa626b81 wd-section-stretch-content\"><div class=\"wpb_column vc_column_container vc_col-sm-12 vc_col-md-12 vc_col-xs-12 wd-enabled-flex text-left wd-rs-66d8ff8ea89df\"><div class=\"vc_column-inner vc_custom_1725497255559\"><div class=\"wpb_wrapper\">\n\t\t<div id=\"wd-66d8ff817979f\" class=\"title-wrapper wd-wpb wd-set-mb reset-last-child  wd-rs-66d8ff817979f wd-title-color-white wd-title-style-default text-left vc_custom_1725497286168 wd-underline-colored\">\n\t\t\t\n\t\t\t<div class=\"liner-continer\">\n\t\t\t\t<h4 class=\"woodmart-title-container title  wd-font-weight-600 wd-fontsize-xxl\" >Equipment rental<\/h4>\n\t\t\t\t\t\t\t<\/div>\n\t\t\t\n\t\t\t\n\t\t\t\n\t\t<\/div>\n\t\t\n\t\t\t\t<div id=\"wd-66d8faf9ae049\" class=\"wd-text-block wd-wpb reset-last-child wd-rs-66d8faf9ae049 text-left wd-fontsize-m vc_custom_1725496055876\">\n\t\t\t<p><span style=\"font-weight: 400;\">From small gatherings to large events, our portable ventilation systems adapt to any need. Whether you need to cool a tent, an event room, or an industrial space, TurboFresh has the perfect solution.<\/span><\/p>\n<p><span style=\"font-weight: 400;\">Rent our equipment and enjoy freshness anywhere.<\/span><\/p>\n\t\t<\/div>\n\t\t<\/div><\/div><\/div><\/div><div class=\"vc_row wpb_row vc_row-fluid vc_custom_1725498573763 vc_row-has-fill wd-rs-66d904b6ef692 wd-section-stretch-content\"><div class=\"wpb_column vc_column_container vc_col-sm-12 vc_col-md-7 vc_col-xs-12 wd-rs-6103f3efd3662\"><div class=\"vc_column-inner vc_custom_1627649019558\"><div class=\"wpb_wrapper\"><\/div><\/div><\/div><div class=\"wpb_column vc_column_container vc_col-sm-12 vc_col-md-5 vc_col-xs-12 wd-enabled-flex text-right wd-rs-66d900ef61766\"><div class=\"vc_column-inner vc_custom_1725497587791\"><div class=\"wpb_wrapper\">\n\t\t<div id=\"wd-6724edbaa2445\" class=\"title-wrapper wd-wpb wd-set-mb reset-last-child  wd-rs-6724edbaa2445 wd-title-color-white wd-title-style-default text-right border-blue vc_custom_1730473370327 wd-underline-colored\">\n\t\t\t\n\t\t\t<div class=\"liner-continer\">\n\t\t\t\t<h4 class=\"woodmart-title-container title  wd-font-weight-600 wd-fontsize-xxl\" >Weddings and Celebrations<\/h4>\n\t\t\t\t\t\t\t<\/div>\n\t\t\t\n\t\t\t\n\t\t\t\n\t\t<\/div>\n\t\t\n\t\t<div id=\"wd-6724eca16f4e0\" class=\"wd-rs-6724eca16f4e0 vc_custom_1730473125275 wd-button-wrapper text-center inline-element\"><a href=\"https:\/\/turbofreshpty.com\/en\/galeria\/bodas-y-celebraciones\/\" title=\"Weddings and Celebrations\" class=\"btn btn-style-default btn-shape-round btn-size-default\">View gallery<\/a><\/div><div id=\"wd-696a9cc95e648\" class=\"wd-rs-696a9cc95e648 vc_custom_1768594473331 wd-button-wrapper text-center inline-element\"><a href=\"https:\/\/api.whatsapp.com\/send?phone=+50762044620&#038;text=Hola!%20Estoy%20interesado%20en%20contactarme%20con%20TurboFresh\" title=\"\" class=\"btn btn-color-alt btn-style-default btn-shape-round btn-size-default\">I want to rent<\/a><\/div><\/div><\/div><\/div><\/div><div class=\"vc_row wpb_row vc_row-fluid vc_custom_1725498584965 vc_row-has-fill wd-rs-66d904da4feae wd-section-stretch-content\"><div class=\"wpb_column vc_column_container vc_col-sm-12 vc_col-md-5 vc_col-xs-12 wd-enabled-flex text-left wd-rs-66d9004638dda\"><div class=\"vc_column-inner vc_custom_1725497423500\"><div class=\"wpb_wrapper\">\n\t\t<div id=\"wd-66d8ff60bb3c6\" class=\"title-wrapper wd-wpb wd-set-mb reset-last-child  wd-rs-66d8ff60bb3c6 wd-title-color-white wd-title-style-default text-left border-blue vc_custom_1725497184269 wd-underline-colored\">\n\t\t\t\n\t\t\t<div class=\"liner-continer\">\n\t\t\t\t<h4 class=\"woodmart-title-container title  wd-font-weight-600 wd-fontsize-xxl\" >Corporate events<\/h4>\n\t\t\t\t\t\t\t<\/div>\n\t\t\t\n\t\t\t\n\t\t\t\n\t\t<\/div>\n\t\t\n\t\t<div id=\"wd-6724ecd293b96\" class=\"wd-rs-6724ecd293b96 vc_custom_1730473141637 wd-button-wrapper text-center inline-element\"><a href=\"https:\/\/turbofreshpty.com\/en\/galeria\/eventos-corporativos\/\" title=\"Corporate events\" class=\"btn btn-style-default btn-shape-round btn-size-default\">View gallery<\/a><\/div><div id=\"wd-696a9cd64dae2\" class=\"wd-rs-696a9cd64dae2  wd-button-wrapper text-center inline-element\"><a href=\"https:\/\/api.whatsapp.com\/send?phone=+50762044620&#038;text=Hola!%20Estoy%20interesado%20en%20contactarme%20con%20TurboFresh\" title=\"\" class=\"btn btn-color-alt btn-style-default btn-shape-round btn-size-default\">I want to rent<\/a><\/div><\/div><\/div><\/div><div class=\"wpb_column vc_column_container vc_col-sm-12 vc_col-md-7 vc_col-xs-12 wd-rs-6103f3efd3662\"><div class=\"vc_column-inner vc_custom_1627649019558\"><div class=\"wpb_wrapper\"><\/div><\/div><\/div><\/div><div class=\"vc_row wpb_row vc_row-fluid vc_custom_1725498610761 vc_row-has-fill wd-rs-66d904e4de6b7 wd-section-stretch-content\"><div class=\"wpb_column vc_column_container vc_col-sm-12 vc_col-md-7 vc_col-xs-12 wd-rs-6103f3efd3662\"><div class=\"vc_column-inner vc_custom_1627649019558\"><div class=\"wpb_wrapper\"><\/div><\/div><\/div><div class=\"wpb_column vc_column_container vc_col-sm-12 vc_col-md-5 vc_col-xs-12 wd-enabled-flex text-right wd-rs-66d900ef61766\"><div class=\"vc_column-inner vc_custom_1725497587791\"><div class=\"wpb_wrapper\">\n\t\t<div id=\"wd-66d901729d637\" class=\"title-wrapper wd-wpb wd-set-mb reset-last-child  wd-rs-66d901729d637 wd-title-color-white wd-title-style-default text-right border-blue vc_custom_1725497718215 wd-underline-colored\">\n\t\t\t\n\t\t\t<div class=\"liner-continer\">\n\t\t\t\t<h4 class=\"woodmart-title-container title  wd-font-weight-600 wd-fontsize-xxl\" >Sports events<\/h4>\n\t\t\t\t\t\t\t<\/div>\n\t\t\t\n\t\t\t\n\t\t\t\n\t\t<\/div>\n\t\t\n\t\t<div id=\"wd-6724f6c179c36\" class=\"wd-rs-6724f6c179c36 vc_custom_1730475699250 wd-button-wrapper text-center inline-element\"><a href=\"https:\/\/turbofreshpty.com\/en\/galeria\/eventos-deportivos\/\" title=\"Eventos Deportivos\" class=\"btn btn-style-default btn-shape-round btn-size-default\">View gallery<\/a><\/div><div id=\"wd-696a9ce127114\" class=\"wd-rs-696a9ce127114 vc_custom_1768594495000 wd-button-wrapper text-center inline-element\"><a href=\"https:\/\/api.whatsapp.com\/send?phone=+50762044620&#038;text=Hola!%20Estoy%20interesado%20en%20contactarme%20con%20TurboFresh\" title=\"\" class=\"btn btn-color-alt btn-style-default btn-shape-round btn-size-default\">I want to rent<\/a><\/div><\/div><\/div><\/div><\/div><div class=\"vc_row wpb_row vc_row-fluid vc_custom_1725498626789 vc_row-has-fill wd-rs-66d904ffa245d wd-section-stretch-content\"><div class=\"wpb_column vc_column_container vc_col-sm-12 vc_col-md-5 vc_col-xs-12 wd-enabled-flex text-left wd-rs-66d9004638dda\"><div class=\"vc_column-inner vc_custom_1725497423500\"><div class=\"wpb_wrapper\">\n\t\t<div id=\"wd-66d90273d6f65\" class=\"title-wrapper wd-wpb wd-set-mb reset-last-child  wd-rs-66d90273d6f65 wd-title-color-white wd-title-style-default text-left border-blue vc_custom_1725497977450 wd-underline-colored\">\n\t\t\t\n\t\t\t<div class=\"liner-continer\">\n\t\t\t\t<h4 class=\"woodmart-title-container title  wd-font-weight-600 wd-fontsize-xxl\" >Outdoor events<\/h4>\n\t\t\t\t\t\t\t<\/div>\n\t\t\t\n\t\t\t\n\t\t\t\n\t\t<\/div>\n\t\t\n\t\t<div id=\"wd-6724eceb64bc7\" class=\"wd-rs-6724eceb64bc7 vc_custom_1730473171737 wd-button-wrapper text-center inline-element\"><a href=\"https:\/\/turbofreshpty.com\/en\/galeria\/eventos-al-aire-libre\/\" title=\"Outdoor events\" class=\"btn btn-style-default btn-shape-round btn-size-default\">View gallery<\/a><\/div><div id=\"wd-696a9ceb3b636\" class=\"wd-rs-696a9ceb3b636  wd-button-wrapper text-center inline-element\"><a href=\"https:\/\/api.whatsapp.com\/send?phone=+50762044620&#038;text=Hola!%20Estoy%20interesado%20en%20contactarme%20con%20TurboFresh\" title=\"\" class=\"btn btn-color-alt btn-style-default btn-shape-round btn-size-default\">I want to rent<\/a><\/div><\/div><\/div><\/div><div class=\"wpb_column vc_column_container vc_col-sm-12 vc_col-md-7 vc_col-xs-12 wd-rs-6103f3efd3662\"><div class=\"vc_column-inner vc_custom_1627649019558\"><div class=\"wpb_wrapper\"><\/div><\/div><\/div><\/div><div class=\"vc_row wpb_row vc_row-fluid vc_custom_1725498637306 vc_row-has-fill wd-rs-66d9050f69d11 wd-section-stretch-content\"><div class=\"wpb_column vc_column_container vc_col-sm-12 vc_col-md-7 vc_col-xs-12 wd-rs-6103f3efd3662\"><div class=\"vc_column-inner vc_custom_1627649019558\"><div class=\"wpb_wrapper\"><\/div><\/div><\/div><div class=\"wpb_column vc_column_container vc_col-sm-12 vc_col-md-5 vc_col-xs-12 wd-enabled-flex text-right wd-rs-66d900ef61766\"><div class=\"vc_column-inner vc_custom_1725497587791\"><div class=\"wpb_wrapper\">\n\t\t<div id=\"wd-66d903820197b\" class=\"title-wrapper wd-wpb wd-set-mb reset-last-child  wd-rs-66d903820197b wd-title-color-white wd-title-style-default text-right border-blue vc_custom_1725498242157 wd-underline-colored\">\n\t\t\t\n\t\t\t<div class=\"liner-continer\">\n\t\t\t\t<h4 class=\"woodmart-title-container title  wd-font-weight-600 wd-fontsize-xxl\" >Industrial Sector<\/h4>\n\t\t\t\t\t\t\t<\/div>\n\t\t\t\n\t\t\t\n\t\t\t\n\t\t<\/div>\n\t\t\n\t\t<div id=\"wd-6724ecffcedb5\" class=\"wd-rs-6724ecffcedb5 vc_custom_1730473183604 wd-button-wrapper text-center inline-element\"><a href=\"https:\/\/turbofreshpty.com\/en\/galeria\/sector-industrial\/\" title=\"Industrial Sector\" class=\"btn btn-style-default btn-shape-round btn-size-default\">View gallery<\/a><\/div><div id=\"wd-696a9cf58f3f6\" class=\"wd-rs-696a9cf58f3f6 vc_custom_1768594516246 wd-button-wrapper text-center inline-element\"><a href=\"https:\/\/api.whatsapp.com\/send?phone=+50762044620&#038;text=Hola!%20Estoy%20interesado%20en%20contactarme%20con%20TurboFresh\" title=\"\" class=\"btn btn-color-alt btn-style-default btn-shape-round btn-size-default\">I want to rent<\/a><\/div><\/div><\/div><\/div><\/div>\n<\/div>","protected":false},"excerpt":{"rendered":"Alquiler de equipos Desde peque\u00f1as reuniones hasta grandes eventos, nuestros equipos de ventilaci\u00f3n port\u00e1tiles se adaptan a cualquier necesidad. Ya","protected":false},"author":1,"featured_media":0,"parent":0,"menu_order":0,"comment_status":"closed","ping_status":"closed","template":"","meta":{"nf_dc_page":"","footnotes":""},"class_list":["post-10051","page","type-page","status-publish","hentry"],"yoast_head":"<!-- This site is optimized with the Yoast SEO Premium plugin v23.7 (Yoast SEO v27.5) - https:\/\/yoast.com\/product\/yoast-seo-premium-wordpress\/ -->\n<title>Alquiler de equipos - Turbofresh Panam\u00e1 y Centro Am\u00e9rica<\/title>\n<meta name=\"description\" content=\"Alquiler de equipos TurboFresh. Desde peque\u00f1as reuniones hasta grandes eventos, nuestros equipos de ventilaci\u00f3n port\u00e1tiles se adaptan a cualquier necesidad. Ya sea que necesites enfriar una carpa, una sala de eventos o un espacio industrial, en TurboFresh tenemos la soluci\u00f3n perfecta.\u00a1Alquila nuestros equipos y disfruta de la frescura en cualquier lugar!\" \/>\n<meta name=\"robots\" content=\"index, follow, max-snippet:-1, max-image-preview:large, max-video-preview:-1\" \/>\n<link rel=\"canonical\" href=\"https:\/\/turbofreshpty.com\/en\/alquiler\/\" \/>\n<meta property=\"og:locale\" content=\"en_US\" \/>\n<meta property=\"og:type\" content=\"article\" \/>\n<meta property=\"og:title\" content=\"Alquiler\" \/>\n<meta property=\"og:description\" content=\"Alquiler de equipos TurboFresh. Desde peque\u00f1as reuniones hasta grandes eventos, nuestros equipos de ventilaci\u00f3n port\u00e1tiles se adaptan a cualquier necesidad. Ya sea que necesites enfriar una carpa, una sala de eventos o un espacio industrial, en TurboFresh tenemos la soluci\u00f3n perfecta.\u00a1Alquila nuestros equipos y disfruta de la frescura en cualquier lugar!\" \/>\n<meta property=\"og:url\" content=\"https:\/\/turbofreshpty.com\/en\/alquiler\/\" \/>\n<meta property=\"og:site_name\" content=\"Turbofresh Panam\u00e1 y Centro Am\u00e9rica\" \/>\n<meta property=\"article:publisher\" content=\"https:\/\/www.facebook.com\/people\/TurboFresh-Latam\/pfbid0ajaDMQgnm7ud7M1HECvSm67SoYW1HvhB8BVRgvFzrVgyr7mDC36xgXYRfCRwRE5tl\/?ref=xav_ig_profile_web\" \/>\n<meta property=\"article:modified_time\" content=\"2026-01-16T20:18:08+00:00\" \/>\n<meta property=\"og:image\" content=\"https:\/\/turbofreshpty.com\/wp-content\/uploads\/2024\/07\/TurboFresh-FAVICON-02.png\" \/>\n\t<meta property=\"og:image:width\" content=\"300\" \/>\n\t<meta property=\"og:image:height\" content=\"300\" \/>\n\t<meta property=\"og:image:type\" content=\"image\/png\" \/>\n<meta name=\"twitter:card\" content=\"summary_large_image\" \/>\n<meta name=\"twitter:label1\" content=\"Est. reading time\" \/>\n\t<meta name=\"twitter:data1\" content=\"4 minutes\" \/>\n<script type=\"application\/ld+json\" class=\"yoast-schema-graph\">{\"@context\":\"https:\\\/\\\/schema.org\",\"@graph\":[{\"@type\":\"WebPage\",\"@id\":\"https:\\\/\\\/turbofreshpty.com\\\/alquiler\\\/\",\"url\":\"https:\\\/\\\/turbofreshpty.com\\\/alquiler\\\/\",\"name\":\"Alquiler de equipos - Turbofresh Panam\u00e1 y Centro Am\u00e9rica\",\"isPartOf\":{\"@id\":\"https:\\\/\\\/turbofreshpty.com\\\/#website\"},\"datePublished\":\"2024-09-05T00:23:37+00:00\",\"dateModified\":\"2026-01-16T20:18:08+00:00\",\"description\":\"Alquiler de equipos TurboFresh. Desde peque\u00f1as reuniones hasta grandes eventos, nuestros equipos de ventilaci\u00f3n port\u00e1tiles se adaptan a cualquier necesidad. Ya sea que necesites enfriar una carpa, una sala de eventos o un espacio industrial, en TurboFresh tenemos la soluci\u00f3n perfecta.\u00a1Alquila nuestros equipos y disfruta de la frescura en cualquier lugar!\",\"breadcrumb\":{\"@id\":\"https:\\\/\\\/turbofreshpty.com\\\/alquiler\\\/#breadcrumb\"},\"inLanguage\":\"en-US\",\"potentialAction\":[{\"@type\":\"ReadAction\",\"target\":[\"https:\\\/\\\/turbofreshpty.com\\\/alquiler\\\/\"]}]},{\"@type\":\"BreadcrumbList\",\"@id\":\"https:\\\/\\\/turbofreshpty.com\\\/alquiler\\\/#breadcrumb\",\"itemListElement\":[{\"@type\":\"ListItem\",\"position\":1,\"name\":\"Home\",\"item\":\"https:\\\/\\\/turbofreshpty.com\\\/\"},{\"@type\":\"ListItem\",\"position\":2,\"name\":\"Alquiler\"}]},{\"@type\":\"WebSite\",\"@id\":\"https:\\\/\\\/turbofreshpty.com\\\/#website\",\"url\":\"https:\\\/\\\/turbofreshpty.com\\\/\",\"name\":\"Turbofresh - Panam\u00e1 y Centro Am\u00e9rica\",\"description\":\"\",\"publisher\":{\"@id\":\"https:\\\/\\\/turbofreshpty.com\\\/#organization\"},\"potentialAction\":[{\"@type\":\"SearchAction\",\"target\":{\"@type\":\"EntryPoint\",\"urlTemplate\":\"https:\\\/\\\/turbofreshpty.com\\\/?s={search_term_string}\"},\"query-input\":{\"@type\":\"PropertyValueSpecification\",\"valueRequired\":true,\"valueName\":\"search_term_string\"}}],\"inLanguage\":\"en-US\"},{\"@type\":\"Organization\",\"@id\":\"https:\\\/\\\/turbofreshpty.com\\\/#organization\",\"name\":\"Turbofresh\",\"url\":\"https:\\\/\\\/turbofreshpty.com\\\/\",\"logo\":{\"@type\":\"ImageObject\",\"inLanguage\":\"en-US\",\"@id\":\"https:\\\/\\\/turbofreshpty.com\\\/#\\\/schema\\\/logo\\\/image\\\/\",\"url\":\"https:\\\/\\\/turbofreshpty.com\\\/wp-content\\\/uploads\\\/2024\\\/08\\\/turbofreshlogo.webp\",\"contentUrl\":\"https:\\\/\\\/turbofreshpty.com\\\/wp-content\\\/uploads\\\/2024\\\/08\\\/turbofreshlogo.webp\",\"width\":470,\"height\":110,\"caption\":\"Turbofresh\"},\"image\":{\"@id\":\"https:\\\/\\\/turbofreshpty.com\\\/#\\\/schema\\\/logo\\\/image\\\/\"},\"sameAs\":[\"https:\\\/\\\/www.facebook.com\\\/people\\\/TurboFresh-Latam\\\/pfbid0ajaDMQgnm7ud7M1HECvSm67SoYW1HvhB8BVRgvFzrVgyr7mDC36xgXYRfCRwRE5tl\\\/?ref=xav_ig_profile_web\",\"https:\\\/\\\/www.instagram.com\\\/turbofreshlatam\\\/?hl=es\"]}]}<\/script>\n<!-- \/ Yoast SEO Premium plugin. -->","yoast_head_json":{"title":"Alquiler de equipos - Turbofresh Panam\u00e1 y Centro Am\u00e9rica","description":"Alquiler de equipos TurboFresh. Desde peque\u00f1as reuniones hasta grandes eventos, nuestros equipos de ventilaci\u00f3n port\u00e1tiles se adaptan a cualquier necesidad. Ya sea que necesites enfriar una carpa, una sala de eventos o un espacio industrial, en TurboFresh tenemos la soluci\u00f3n perfecta.\u00a1Alquila nuestros equipos y disfruta de la frescura en cualquier lugar!","robots":{"index":"index","follow":"follow","max-snippet":"max-snippet:-1","max-image-preview":"max-image-preview:large","max-video-preview":"max-video-preview:-1"},"canonical":"https:\/\/turbofreshpty.com\/en\/alquiler\/","og_locale":"en_US","og_type":"article","og_title":"Alquiler","og_description":"Alquiler de equipos TurboFresh. Desde peque\u00f1as reuniones hasta grandes eventos, nuestros equipos de ventilaci\u00f3n port\u00e1tiles se adaptan a cualquier necesidad. Ya sea que necesites enfriar una carpa, una sala de eventos o un espacio industrial, en TurboFresh tenemos la soluci\u00f3n perfecta.\u00a1Alquila nuestros equipos y disfruta de la frescura en cualquier lugar!","og_url":"https:\/\/turbofreshpty.com\/en\/alquiler\/","og_site_name":"Turbofresh Panam\u00e1 y Centro Am\u00e9rica","article_publisher":"https:\/\/www.facebook.com\/people\/TurboFresh-Latam\/pfbid0ajaDMQgnm7ud7M1HECvSm67SoYW1HvhB8BVRgvFzrVgyr7mDC36xgXYRfCRwRE5tl\/?ref=xav_ig_profile_web","article_modified_time":"2026-01-16T20:18:08+00:00","og_image":[{"width":300,"height":300,"url":"https:\/\/turbofreshpty.com\/wp-content\/uploads\/2024\/07\/TurboFresh-FAVICON-02.png","type":"image\/png"}],"twitter_card":"summary_large_image","twitter_misc":{"Est. reading time":"4 minutes"},"schema":{"@context":"https:\/\/schema.org","@graph":[{"@type":"WebPage","@id":"https:\/\/turbofreshpty.com\/alquiler\/","url":"https:\/\/turbofreshpty.com\/alquiler\/","name":"Alquiler de equipos - Turbofresh Panam\u00e1 y Centro Am\u00e9rica","isPartOf":{"@id":"https:\/\/turbofreshpty.com\/#website"},"datePublished":"2024-09-05T00:23:37+00:00","dateModified":"2026-01-16T20:18:08+00:00","description":"Alquiler de equipos TurboFresh. Desde peque\u00f1as reuniones hasta grandes eventos, nuestros equipos de ventilaci\u00f3n port\u00e1tiles se adaptan a cualquier necesidad. Ya sea que necesites enfriar una carpa, una sala de eventos o un espacio industrial, en TurboFresh tenemos la soluci\u00f3n perfecta.\u00a1Alquila nuestros equipos y disfruta de la frescura en cualquier lugar!","breadcrumb":{"@id":"https:\/\/turbofreshpty.com\/alquiler\/#breadcrumb"},"inLanguage":"en-US","potentialAction":[{"@type":"ReadAction","target":["https:\/\/turbofreshpty.com\/alquiler\/"]}]},{"@type":"BreadcrumbList","@id":"https:\/\/turbofreshpty.com\/alquiler\/#breadcrumb","itemListElement":[{"@type":"ListItem","position":1,"name":"Home","item":"https:\/\/turbofreshpty.com\/"},{"@type":"ListItem","position":2,"name":"Alquiler"}]},{"@type":"WebSite","@id":"https:\/\/turbofreshpty.com\/#website","url":"https:\/\/turbofreshpty.com\/","name":"Turbofresh - Panam\u00e1 y Centro Am\u00e9rica","description":"","publisher":{"@id":"https:\/\/turbofreshpty.com\/#organization"},"potentialAction":[{"@type":"SearchAction","target":{"@type":"EntryPoint","urlTemplate":"https:\/\/turbofreshpty.com\/?s={search_term_string}"},"query-input":{"@type":"PropertyValueSpecification","valueRequired":true,"valueName":"search_term_string"}}],"inLanguage":"en-US"},{"@type":"Organization","@id":"https:\/\/turbofreshpty.com\/#organization","name":"Turbofresh","url":"https:\/\/turbofreshpty.com\/","logo":{"@type":"ImageObject","inLanguage":"en-US","@id":"https:\/\/turbofreshpty.com\/#\/schema\/logo\/image\/","url":"https:\/\/turbofreshpty.com\/wp-content\/uploads\/2024\/08\/turbofreshlogo.webp","contentUrl":"https:\/\/turbofreshpty.com\/wp-content\/uploads\/2024\/08\/turbofreshlogo.webp","width":470,"height":110,"caption":"Turbofresh"},"image":{"@id":"https:\/\/turbofreshpty.com\/#\/schema\/logo\/image\/"},"sameAs":["https:\/\/www.facebook.com\/people\/TurboFresh-Latam\/pfbid0ajaDMQgnm7ud7M1HECvSm67SoYW1HvhB8BVRgvFzrVgyr7mDC36xgXYRfCRwRE5tl\/?ref=xav_ig_profile_web","https:\/\/www.instagram.com\/turbofreshlatam\/?hl=es"]}]}},"_links":{"self":[{"href":"https:\/\/turbofreshpty.com\/en\/wp-json\/wp\/v2\/pages\/10051","targetHints":{"allow":["GET"]}}],"collection":[{"href":"https:\/\/turbofreshpty.com\/en\/wp-json\/wp\/v2\/pages"}],"about":[{"href":"https:\/\/turbofreshpty.com\/en\/wp-json\/wp\/v2\/types\/page"}],"author":[{"embeddable":true,"href":"https:\/\/turbofreshpty.com\/en\/wp-json\/wp\/v2\/users\/1"}],"replies":[{"embeddable":true,"href":"https:\/\/turbofreshpty.com\/en\/wp-json\/wp\/v2\/comments?post=10051"}],"version-history":[{"count":5,"href":"https:\/\/turbofreshpty.com\/en\/wp-json\/wp\/v2\/pages\/10051\/revisions"}],"predecessor-version":[{"id":10349,"href":"https:\/\/turbofreshpty.com\/en\/wp-json\/wp\/v2\/pages\/10051\/revisions\/10349"}],"wp:attachment":[{"href":"https:\/\/turbofreshpty.com\/en\/wp-json\/wp\/v2\/media?parent=10051"}],"curies":[{"name":"wp","href":"https:\/\/api.w.org\/{rel}","templated":true}]}}